{"id":166,"date":"2024-01-25T16:58:02","date_gmt":"2024-01-25T16:58:02","guid":{"rendered":"https:\/\/helgapollok.de\/?page_id=166"},"modified":"2024-01-26T16:51:53","modified_gmt":"2024-01-26T16:51:53","slug":"acryl","status":"publish","type":"page","link":"https:\/\/helgapollok.de\/?page_id=166","title":{"rendered":"Acryl"},"content":{"rendered":"\n<p>Acrylfarben (Kombination aus Pigmenten, Wasser und Acrylat) gibt es erst seit den 1960er Jahren. Mit diesen schnelltrocknenden Farben konnten K\u00fcnstler seither weitaus schneller als mit \u00d6lfarbe ihre Werke vollenden. Gro\u00dfe Fl\u00e4chen lassen sich damit preisg\u00fcnstiger gestalten. Die Qualit\u00e4t der jeweiligen Farbe wird \u00fcber ein aufw\u00e4ndiges Produktionsverfahren definiert &#8211; je h\u00e4ufiger der Farbbrei durch die Walze l\u00e4uft, desto brillanter der Farbton &#8211; desto h\u00f6her der Preis. Mit Acrylspachtelmasse oder Marmormehlen lassen sich interessante Strukturen darstellen.<\/p>\n\n\n\n<figure class=\"wp-block-image size-large\"><img loading=\"lazy\" decoding=\"async\" width=\"1024\" height=\"758\" src=\"https:\/\/helgapollok.de\/wp-content\/uploads\/2024\/01\/IMG_5506-1024x758.jpeg\" alt=\"\" class=\"wp-image-234\" srcset=\"https:\/\/helgapollok.de\/wp-content\/uploads\/2024\/01\/IMG_5506-1024x758.jpeg 1024w, https:\/\/helgapollok.de\/wp-content\/uploads\/2024\/01\/IMG_5506-300x222.jpeg 300w, https:\/\/helgapollok.de\/wp-content\/uploads\/2024\/01\/IMG_5506-768x569.jpeg 768w, https:\/\/helgapollok.de\/wp-content\/uploads\/2024\/01\/IMG_5506.jpeg 1280w\" sizes=\"(max-width: 1024px) 100vw, 1024px\" \/><\/figure>\n\n\n\n<p><\/p>\n\n\n\n<figure class=\"wp-block-gallery has-nested-images columns-default is-cropped wp-block-gallery-1 is-layout-flex wp-block-gallery-is-layout-flex\">\n<figure class=\"wp-block-image size-large\"><img loading=\"lazy\" decoding=\"async\" width=\"1024\" height=\"825\" data-id=\"174\" src=\"https:\/\/helgapollok.de\/wp-content\/uploads\/2024\/01\/IMG_1183-1024x825.jpg\" alt=\"\" class=\"wp-image-174\" srcset=\"https:\/\/helgapollok.de\/wp-content\/uploads\/2024\/01\/IMG_1183-1024x825.jpg 1024w, https:\/\/helgapollok.de\/wp-content\/uploads\/2024\/01\/IMG_1183-300x242.jpg 300w, https:\/\/helgapollok.de\/wp-content\/uploads\/2024\/01\/IMG_1183-768x619.jpg 768w, https:\/\/helgapollok.de\/wp-content\/uploads\/2024\/01\/IMG_1183.jpg 1191w\" sizes=\"(max-width: 1024px) 100vw, 1024px\" \/><\/figure>\n\n\n\n<figure class=\"wp-block-image size-large\"><img loading=\"lazy\" decoding=\"async\" width=\"1024\" height=\"794\" data-id=\"167\" src=\"https:\/\/helgapollok.de\/wp-content\/uploads\/2024\/01\/IMG_1174-1024x794.jpeg\" alt=\"\" class=\"wp-image-167\" srcset=\"https:\/\/helgapollok.de\/wp-content\/uploads\/2024\/01\/IMG_1174-1024x794.jpeg 1024w, https:\/\/helgapollok.de\/wp-content\/uploads\/2024\/01\/IMG_1174-300x233.jpeg 300w, https:\/\/helgapollok.de\/wp-content\/uploads\/2024\/01\/IMG_1174-768x595.jpeg 768w, https:\/\/helgapollok.de\/wp-content\/uploads\/2024\/01\/IMG_1174.jpeg 1240w\" sizes=\"(max-width: 1024px) 100vw, 1024px\" \/><\/figure>\n\n\n\n<figure class=\"wp-block-image size-large\"><img loading=\"lazy\" decoding=\"async\" width=\"1024\" height=\"823\" data-id=\"171\" src=\"https:\/\/helgapollok.de\/wp-content\/uploads\/2024\/01\/IMG_1182-2-1024x823.jpeg\" alt=\"\" class=\"wp-image-171\" srcset=\"https:\/\/helgapollok.de\/wp-content\/uploads\/2024\/01\/IMG_1182-2-1024x823.jpeg 1024w, https:\/\/helgapollok.de\/wp-content\/uploads\/2024\/01\/IMG_1182-2-300x241.jpeg 300w, https:\/\/helgapollok.de\/wp-content\/uploads\/2024\/01\/IMG_1182-2-768x617.jpeg 768w, https:\/\/helgapollok.de\/wp-content\/uploads\/2024\/01\/IMG_1182-2.jpeg 1194w\" sizes=\"(max-width: 1024px) 100vw, 1024px\" \/><\/figure>\n<\/figure>\n\n\n\n<p><\/p>\n\n\n\n<figure class=\"wp-block-image size-large\"><img loading=\"lazy\" decoding=\"async\" width=\"1024\" height=\"778\" src=\"https:\/\/helgapollok.de\/wp-content\/uploads\/2024\/01\/IMG_5584-1024x778.jpg\" alt=\"\" class=\"wp-image-173\" srcset=\"https:\/\/helgapollok.de\/wp-content\/uploads\/2024\/01\/IMG_5584-1024x778.jpg 1024w, https:\/\/helgapollok.de\/wp-content\/uploads\/2024\/01\/IMG_5584-300x228.jpg 300w, https:\/\/helgapollok.de\/wp-content\/uploads\/2024\/01\/IMG_5584-768x583.jpg 768w, https:\/\/helgapollok.de\/wp-content\/uploads\/2024\/01\/IMG_5584.jpg 1264w\" sizes=\"(max-width: 1024px) 100vw, 1024px\" \/><\/figure>\n\n\n\n<p><\/p>\n\n\n\n<figure class=\"wp-block-gallery has-nested-images columns-default is-cropped wp-block-gallery-2 is-layout-flex wp-block-gallery-is-layout-flex\">\n<figure class=\"wp-block-image size-large\"><img loading=\"lazy\" decoding=\"async\" width=\"454\" height=\"1024\" data-id=\"170\" src=\"https:\/\/helgapollok.de\/wp-content\/uploads\/2024\/01\/IMG_1178-454x1024.jpeg\" alt=\"\" class=\"wp-image-170\" srcset=\"https:\/\/helgapollok.de\/wp-content\/uploads\/2024\/01\/IMG_1178-454x1024.jpeg 454w, https:\/\/helgapollok.de\/wp-content\/uploads\/2024\/01\/IMG_1178-133x300.jpeg 133w, https:\/\/helgapollok.de\/wp-content\/uploads\/2024\/01\/IMG_1178.jpeg 567w\" sizes=\"(max-width: 454px) 100vw, 454px\" \/><\/figure>\n\n\n\n<figure class=\"wp-block-image size-large\"><img loading=\"lazy\" decoding=\"async\" width=\"368\" height=\"1024\" data-id=\"169\" src=\"https:\/\/helgapollok.de\/wp-content\/uploads\/2024\/01\/IMG_1177-368x1024.jpeg\" alt=\"\" class=\"wp-image-169\" srcset=\"https:\/\/helgapollok.de\/wp-content\/uploads\/2024\/01\/IMG_1177-368x1024.jpeg 368w, https:\/\/helgapollok.de\/wp-content\/uploads\/2024\/01\/IMG_1177-108x300.jpeg 108w, https:\/\/helgapollok.de\/wp-content\/uploads\/2024\/01\/IMG_1177.jpeg 460w\" sizes=\"(max-width: 368px) 100vw, 368px\" \/><\/figure>\n\n\n\n<figure class=\"wp-block-image size-large\"><img loading=\"lazy\" decoding=\"async\" width=\"502\" height=\"1024\" data-id=\"168\" src=\"https:\/\/helgapollok.de\/wp-content\/uploads\/2024\/01\/IMG_1176-502x1024.jpeg\" alt=\"\" class=\"wp-image-168\" srcset=\"https:\/\/helgapollok.de\/wp-content\/uploads\/2024\/01\/IMG_1176-502x1024.jpeg 502w, https:\/\/helgapollok.de\/wp-content\/uploads\/2024\/01\/IMG_1176-147x300.jpeg 147w, https:\/\/helgapollok.de\/wp-content\/uploads\/2024\/01\/IMG_1176.jpeg 627w\" sizes=\"(max-width: 502px) 100vw, 502px\" \/><\/figure>\n<\/figure>\n","protected":false},"excerpt":{"rendered":"<p>Acrylfarben (Kombination aus Pigmenten, Wasser und Acrylat) gibt es erst seit den 1960er Jahren. Mit diesen schnelltrocknenden Farben konnten K\u00fcnstler seither weitaus schneller als mit \u00d6lfarbe ihre Werke vollenden. Gro\u00dfe Fl\u00e4chen lassen sich damit preisg\u00fcnstiger gestalten. Die Qualit\u00e4t der jeweiligen Farbe wird \u00fcber ein aufw\u00e4ndiges&nbsp;&hellip;<\/p>\n","protected":false},"author":1,"featured_media":0,"parent":0,"menu_order":0,"comment_status":"closed","ping_status":"closed","template":"","meta":{"footnotes":""},"yoast_head":"<!-- This site is optimized with the Yoast SEO plugin v23.5 - https:\/\/yoast.com\/wordpress\/plugins\/seo\/ -->\n<title>Acryl - Atelier Helga Pollok<\/title>\n<meta name=\"robots\" content=\"index, follow, max-snippet:-1, max-image-preview:large, max-video-preview:-1\" \/>\n<link rel=\"canonical\" href=\"https:\/\/helgapollok.de\/?page_id=166\" \/>\n<meta property=\"og:locale\" content=\"de_DE\" \/>\n<meta property=\"og:type\" content=\"article\" \/>\n<meta property=\"og:title\" content=\"Acryl - Atelier Helga Pollok\" \/>\n<meta property=\"og:description\" content=\"Acrylfarben (Kombination aus Pigmenten, Wasser und Acrylat) gibt es erst seit den 1960er Jahren. Mit diesen schnelltrocknenden Farben konnten K\u00fcnstler seither weitaus schneller als mit \u00d6lfarbe ihre Werke vollenden. Gro\u00dfe Fl\u00e4chen lassen sich damit preisg\u00fcnstiger gestalten. Die Qualit\u00e4t der jeweiligen Farbe wird \u00fcber ein aufw\u00e4ndiges&nbsp;&hellip;\" \/>\n<meta property=\"og:url\" content=\"https:\/\/helgapollok.de\/?page_id=166\" \/>\n<meta property=\"og:site_name\" content=\"Atelier Helga Pollok\" \/>\n<meta property=\"article:modified_time\" content=\"2024-01-26T16:51:53+00:00\" \/>\n<meta property=\"og:image\" content=\"https:\/\/helgapollok.de\/wp-content\/uploads\/2024\/01\/IMG_5506-1024x758.jpeg\" \/>\n<meta name=\"twitter:card\" content=\"summary_large_image\" \/>\n<script type=\"application\/ld+json\" class=\"yoast-schema-graph\">{\"@context\":\"https:\/\/schema.org\",\"@graph\":[{\"@type\":\"WebPage\",\"@id\":\"https:\/\/helgapollok.de\/?page_id=166\",\"url\":\"https:\/\/helgapollok.de\/?page_id=166\",\"name\":\"Acryl - Atelier Helga Pollok\",\"isPartOf\":{\"@id\":\"https:\/\/helgapollok.de\/#website\"},\"primaryImageOfPage\":{\"@id\":\"https:\/\/helgapollok.de\/?page_id=166#primaryimage\"},\"image\":{\"@id\":\"https:\/\/helgapollok.de\/?page_id=166#primaryimage\"},\"thumbnailUrl\":\"https:\/\/helgapollok.de\/wp-content\/uploads\/2024\/01\/IMG_5506-1024x758.jpeg\",\"datePublished\":\"2024-01-25T16:58:02+00:00\",\"dateModified\":\"2024-01-26T16:51:53+00:00\",\"breadcrumb\":{\"@id\":\"https:\/\/helgapollok.de\/?page_id=166#breadcrumb\"},\"inLanguage\":\"de-DE\",\"potentialAction\":[{\"@type\":\"ReadAction\",\"target\":[\"https:\/\/helgapollok.de\/?page_id=166\"]}]},{\"@type\":\"ImageObject\",\"inLanguage\":\"de-DE\",\"@id\":\"https:\/\/helgapollok.de\/?page_id=166#primaryimage\",\"url\":\"https:\/\/helgapollok.de\/wp-content\/uploads\/2024\/01\/IMG_5506.jpeg\",\"contentUrl\":\"https:\/\/helgapollok.de\/wp-content\/uploads\/2024\/01\/IMG_5506.jpeg\",\"width\":1280,\"height\":948},{\"@type\":\"BreadcrumbList\",\"@id\":\"https:\/\/helgapollok.de\/?page_id=166#breadcrumb\",\"itemListElement\":[{\"@type\":\"ListItem\",\"position\":1,\"name\":\"Startseite\",\"item\":\"https:\/\/helgapollok.de\/\"},{\"@type\":\"ListItem\",\"position\":2,\"name\":\"Acryl\"}]},{\"@type\":\"WebSite\",\"@id\":\"https:\/\/helgapollok.de\/#website\",\"url\":\"https:\/\/helgapollok.de\/\",\"name\":\"Atelier Helga Pollok\",\"description\":\"\",\"potentialAction\":[{\"@type\":\"SearchAction\",\"target\":{\"@type\":\"EntryPoint\",\"urlTemplate\":\"https:\/\/helgapollok.de\/?s={search_term_string}\"},\"query-input\":{\"@type\":\"PropertyValueSpecification\",\"valueRequired\":true,\"valueName\":\"search_term_string\"}}],\"inLanguage\":\"de-DE\"}]}<\/script>\n<!-- \/ Yoast SEO plugin. -->","yoast_head_json":{"title":"Acryl - Atelier Helga Pollok","robots":{"index":"index","follow":"follow","max-snippet":"max-snippet:-1","max-image-preview":"max-image-preview:large","max-video-preview":"max-video-preview:-1"},"canonical":"https:\/\/helgapollok.de\/?page_id=166","og_locale":"de_DE","og_type":"article","og_title":"Acryl - Atelier Helga Pollok","og_description":"Acrylfarben (Kombination aus Pigmenten, Wasser und Acrylat) gibt es erst seit den 1960er Jahren. Mit diesen schnelltrocknenden Farben konnten K\u00fcnstler seither weitaus schneller als mit \u00d6lfarbe ihre Werke vollenden. Gro\u00dfe Fl\u00e4chen lassen sich damit preisg\u00fcnstiger gestalten. Die Qualit\u00e4t der jeweiligen Farbe wird \u00fcber ein aufw\u00e4ndiges&nbsp;&hellip;","og_url":"https:\/\/helgapollok.de\/?page_id=166","og_site_name":"Atelier Helga Pollok","article_modified_time":"2024-01-26T16:51:53+00:00","og_image":[{"url":"https:\/\/helgapollok.de\/wp-content\/uploads\/2024\/01\/IMG_5506-1024x758.jpeg"}],"twitter_card":"summary_large_image","schema":{"@context":"https:\/\/schema.org","@graph":[{"@type":"WebPage","@id":"https:\/\/helgapollok.de\/?page_id=166","url":"https:\/\/helgapollok.de\/?page_id=166","name":"Acryl - Atelier Helga Pollok","isPartOf":{"@id":"https:\/\/helgapollok.de\/#website"},"primaryImageOfPage":{"@id":"https:\/\/helgapollok.de\/?page_id=166#primaryimage"},"image":{"@id":"https:\/\/helgapollok.de\/?page_id=166#primaryimage"},"thumbnailUrl":"https:\/\/helgapollok.de\/wp-content\/uploads\/2024\/01\/IMG_5506-1024x758.jpeg","datePublished":"2024-01-25T16:58:02+00:00","dateModified":"2024-01-26T16:51:53+00:00","breadcrumb":{"@id":"https:\/\/helgapollok.de\/?page_id=166#breadcrumb"},"inLanguage":"de-DE","potentialAction":[{"@type":"ReadAction","target":["https:\/\/helgapollok.de\/?page_id=166"]}]},{"@type":"ImageObject","inLanguage":"de-DE","@id":"https:\/\/helgapollok.de\/?page_id=166#primaryimage","url":"https:\/\/helgapollok.de\/wp-content\/uploads\/2024\/01\/IMG_5506.jpeg","contentUrl":"https:\/\/helgapollok.de\/wp-content\/uploads\/2024\/01\/IMG_5506.jpeg","width":1280,"height":948},{"@type":"BreadcrumbList","@id":"https:\/\/helgapollok.de\/?page_id=166#breadcrumb","itemListElement":[{"@type":"ListItem","position":1,"name":"Startseite","item":"https:\/\/helgapollok.de\/"},{"@type":"ListItem","position":2,"name":"Acryl"}]},{"@type":"WebSite","@id":"https:\/\/helgapollok.de\/#website","url":"https:\/\/helgapollok.de\/","name":"Atelier Helga Pollok","description":"","potentialAction":[{"@type":"SearchAction","target":{"@type":"EntryPoint","urlTemplate":"https:\/\/helgapollok.de\/?s={search_term_string}"},"query-input":{"@type":"PropertyValueSpecification","valueRequired":true,"valueName":"search_term_string"}}],"inLanguage":"de-DE"}]}},"_links":{"self":[{"href":"https:\/\/helgapollok.de\/index.php?rest_route=\/wp\/v2\/pages\/166"}],"collection":[{"href":"https:\/\/helgapollok.de\/index.php?rest_route=\/wp\/v2\/pages"}],"about":[{"href":"https:\/\/helgapollok.de\/index.php?rest_route=\/wp\/v2\/types\/page"}],"author":[{"embeddable":true,"href":"https:\/\/helgapollok.de\/index.php?rest_route=\/wp\/v2\/users\/1"}],"replies":[{"embeddable":true,"href":"https:\/\/helgapollok.de\/index.php?rest_route=%2Fwp%2Fv2%2Fcomments&post=166"}],"version-history":[{"count":4,"href":"https:\/\/helgapollok.de\/index.php?rest_route=\/wp\/v2\/pages\/166\/revisions"}],"predecessor-version":[{"id":258,"href":"https:\/\/helgapollok.de\/index.php?rest_route=\/wp\/v2\/pages\/166\/revisions\/258"}],"wp:attachment":[{"href":"https:\/\/helgapollok.de\/index.php?rest_route=%2Fwp%2Fv2%2Fmedia&parent=166"}],"curies":[{"name":"wp","href":"https:\/\/api.w.org\/{rel}","templated":true}]}}