{"id":199,"date":"2024-01-26T13:28:46","date_gmt":"2024-01-26T13:28:46","guid":{"rendered":"https:\/\/helgapollok.de\/?page_id=199"},"modified":"2024-01-27T23:02:09","modified_gmt":"2024-01-27T23:02:09","slug":"aquarell","status":"publish","type":"page","link":"https:\/\/helgapollok.de\/?page_id=199","title":{"rendered":"Aquarell"},"content":{"rendered":"\n<p>Aquarellmalerei ist eine Technik f\u00fcr Ge\u00fcbte, wenn es pr\u00e4zise sein soll, l\u00e4sst aber auch viel Spielraum f\u00fcr expressionistische Darstellungen f\u00fcr den weniger ge\u00fcbten Maler. Die Farben werden mit Wasser im N\u00e4pfchen oder aus der Tube verd\u00fcnnt am besten auf ein von Hand gesch\u00f6pftes B\u00fcttenpapier mit dem Pinsel aufgetragen. Die Transparenz der Farben sind das typische Merkmal f\u00fcr ein Aquarell. Die hochwertigen Farbpigmente werden mit fl\u00fcssigem Gummiarabikum gebunden und h\u00e4rten beim Trocknen aus und k\u00f6nnen immer wieder angel\u00f6st werden.<\/p>\n\n\n\n<figure class=\"wp-block-gallery has-nested-images columns-default is-cropped wp-block-gallery-1 is-layout-flex wp-block-gallery-is-layout-flex\">\n<figure class=\"wp-block-image size-large\"><img loading=\"lazy\" decoding=\"async\" width=\"1024\" height=\"463\" data-id=\"247\" src=\"https:\/\/helgapollok.de\/wp-content\/uploads\/2024\/01\/IMG_7187-1024x463.jpeg\" alt=\"\" class=\"wp-image-247\" srcset=\"https:\/\/helgapollok.de\/wp-content\/uploads\/2024\/01\/IMG_7187-1024x463.jpeg 1024w, https:\/\/helgapollok.de\/wp-content\/uploads\/2024\/01\/IMG_7187-300x136.jpeg 300w, https:\/\/helgapollok.de\/wp-content\/uploads\/2024\/01\/IMG_7187-768x347.jpeg 768w, https:\/\/helgapollok.de\/wp-content\/uploads\/2024\/01\/IMG_7187.jpeg 1280w\" sizes=\"(max-width: 1024px) 100vw, 1024px\" \/><\/figure>\n\n\n\n<figure class=\"wp-block-image size-large\"><img loading=\"lazy\" decoding=\"async\" width=\"1024\" height=\"774\" data-id=\"249\" src=\"https:\/\/helgapollok.de\/wp-content\/uploads\/2024\/01\/IMG_9885-1024x774.jpg\" alt=\"\" class=\"wp-image-249\" srcset=\"https:\/\/helgapollok.de\/wp-content\/uploads\/2024\/01\/IMG_9885-1024x774.jpg 1024w, https:\/\/helgapollok.de\/wp-content\/uploads\/2024\/01\/IMG_9885-300x227.jpg 300w, https:\/\/helgapollok.de\/wp-content\/uploads\/2024\/01\/IMG_9885-768x581.jpg 768w, https:\/\/helgapollok.de\/wp-content\/uploads\/2024\/01\/IMG_9885.jpg 1270w\" sizes=\"(max-width: 1024px) 100vw, 1024px\" \/><\/figure>\n\n\n\n<figure class=\"wp-block-image size-large\"><img loading=\"lazy\" decoding=\"async\" width=\"1024\" height=\"960\" data-id=\"235\" src=\"https:\/\/helgapollok.de\/wp-content\/uploads\/2024\/01\/IMG_7185.jpeg\" alt=\"\" class=\"wp-image-235\" srcset=\"https:\/\/helgapollok.de\/wp-content\/uploads\/2024\/01\/IMG_7185.jpeg 1024w, https:\/\/helgapollok.de\/wp-content\/uploads\/2024\/01\/IMG_7185-300x281.jpeg 300w, https:\/\/helgapollok.de\/wp-content\/uploads\/2024\/01\/IMG_7185-768x720.jpeg 768w\" sizes=\"(max-width: 1024px) 100vw, 1024px\" \/><\/figure>\n\n\n\n<figure class=\"wp-block-image size-full\"><img loading=\"lazy\" decoding=\"async\" width=\"1280\" height=\"433\" data-id=\"239\" src=\"https:\/\/helgapollok.de\/wp-content\/uploads\/2024\/01\/IMG_7186.jpeg\" alt=\"\" class=\"wp-image-239\" srcset=\"https:\/\/helgapollok.de\/wp-content\/uploads\/2024\/01\/IMG_7186.jpeg 1280w, https:\/\/helgapollok.de\/wp-content\/uploads\/2024\/01\/IMG_7186-300x101.jpeg 300w, https:\/\/helgapollok.de\/wp-content\/uploads\/2024\/01\/IMG_7186-1024x346.jpeg 1024w, https:\/\/helgapollok.de\/wp-content\/uploads\/2024\/01\/IMG_7186-768x260.jpeg 768w\" sizes=\"(max-width: 1280px) 100vw, 1280px\" \/><\/figure>\n<\/figure>\n\n\n\n<p><\/p>\n\n\n\n<figure class=\"wp-block-gallery has-nested-images columns-default is-cropped wp-block-gallery-2 is-layout-flex wp-block-gallery-is-layout-flex\">\n<figure class=\"wp-block-image size-large\"><img loading=\"lazy\" decoding=\"async\" width=\"480\" height=\"629\" data-id=\"240\" src=\"https:\/\/helgapollok.de\/wp-content\/uploads\/2024\/01\/IMG_9884.jpg\" alt=\"\" class=\"wp-image-240\" srcset=\"https:\/\/helgapollok.de\/wp-content\/uploads\/2024\/01\/IMG_9884.jpg 480w, https:\/\/helgapollok.de\/wp-content\/uploads\/2024\/01\/IMG_9884-229x300.jpg 229w\" sizes=\"(max-width: 480px) 100vw, 480px\" \/><\/figure>\n\n\n\n<figure class=\"wp-block-image size-large\"><img loading=\"lazy\" decoding=\"async\" width=\"706\" height=\"1024\" data-id=\"257\" src=\"https:\/\/helgapollok.de\/wp-content\/uploads\/2024\/01\/IMG_9889-706x1024.jpg\" alt=\"\" class=\"wp-image-257\" srcset=\"https:\/\/helgapollok.de\/wp-content\/uploads\/2024\/01\/IMG_9889-706x1024.jpg 706w, https:\/\/helgapollok.de\/wp-content\/uploads\/2024\/01\/IMG_9889-207x300.jpg 207w, https:\/\/helgapollok.de\/wp-content\/uploads\/2024\/01\/IMG_9889-768x1113.jpg 768w, https:\/\/helgapollok.de\/wp-content\/uploads\/2024\/01\/IMG_9889.jpg 883w\" sizes=\"(max-width: 706px) 100vw, 706px\" \/><\/figure>\n\n\n\n<figure class=\"wp-block-image size-large\"><img loading=\"lazy\" decoding=\"async\" width=\"778\" height=\"1024\" data-id=\"241\" src=\"https:\/\/helgapollok.de\/wp-content\/uploads\/2024\/01\/IMG_9886-778x1024.jpg\" alt=\"\" class=\"wp-image-241\" srcset=\"https:\/\/helgapollok.de\/wp-content\/uploads\/2024\/01\/IMG_9886-778x1024.jpg 778w, https:\/\/helgapollok.de\/wp-content\/uploads\/2024\/01\/IMG_9886-228x300.jpg 228w, https:\/\/helgapollok.de\/wp-content\/uploads\/2024\/01\/IMG_9886-768x1011.jpg 768w, https:\/\/helgapollok.de\/wp-content\/uploads\/2024\/01\/IMG_9886.jpg 960w\" sizes=\"(max-width: 778px) 100vw, 778px\" \/><\/figure>\n\n\n\n<figure class=\"wp-block-image size-large\"><img loading=\"lazy\" decoding=\"async\" width=\"1024\" height=\"717\" data-id=\"244\" src=\"https:\/\/helgapollok.de\/wp-content\/uploads\/2024\/01\/IMG_9887-1024x717.jpg\" alt=\"\" class=\"wp-image-244\" srcset=\"https:\/\/helgapollok.de\/wp-content\/uploads\/2024\/01\/IMG_9887-1024x717.jpg 1024w, https:\/\/helgapollok.de\/wp-content\/uploads\/2024\/01\/IMG_9887-300x210.jpg 300w, https:\/\/helgapollok.de\/wp-content\/uploads\/2024\/01\/IMG_9887-768x538.jpg 768w, https:\/\/helgapollok.de\/wp-content\/uploads\/2024\/01\/IMG_9887.jpg 1280w\" sizes=\"(max-width: 1024px) 100vw, 1024px\" \/><\/figure>\n<\/figure>\n\n\n\n<p><\/p>\n\n\n\n<figure class=\"wp-block-gallery has-nested-images columns-default is-cropped wp-block-gallery-3 is-layout-flex wp-block-gallery-is-layout-flex\">\n<figure class=\"wp-block-image size-large\"><img loading=\"lazy\" decoding=\"async\" width=\"1021\" height=\"1024\" data-id=\"501\" src=\"https:\/\/helgapollok.de\/wp-content\/uploads\/2024\/01\/IMG_3303-1021x1024.jpeg\" alt=\"\" class=\"wp-image-501\" srcset=\"https:\/\/helgapollok.de\/wp-content\/uploads\/2024\/01\/IMG_3303-1021x1024.jpeg 1021w, https:\/\/helgapollok.de\/wp-content\/uploads\/2024\/01\/IMG_3303-300x300.jpeg 300w, https:\/\/helgapollok.de\/wp-content\/uploads\/2024\/01\/IMG_3303-150x150.jpeg 150w, https:\/\/helgapollok.de\/wp-content\/uploads\/2024\/01\/IMG_3303-768x771.jpeg 768w, https:\/\/helgapollok.de\/wp-content\/uploads\/2024\/01\/IMG_3303-1531x1536.jpeg 1531w, https:\/\/helgapollok.de\/wp-content\/uploads\/2024\/01\/IMG_3303-2041x2048.jpeg 2041w\" sizes=\"(max-width: 1021px) 100vw, 1021px\" \/><\/figure>\n\n\n\n<figure class=\"wp-block-image size-large\"><img loading=\"lazy\" decoding=\"async\" width=\"1024\" height=\"1013\" data-id=\"502\" src=\"https:\/\/helgapollok.de\/wp-content\/uploads\/2024\/01\/IMG_3435-1024x1013.jpeg\" alt=\"\" class=\"wp-image-502\" srcset=\"https:\/\/helgapollok.de\/wp-content\/uploads\/2024\/01\/IMG_3435-1024x1013.jpeg 1024w, https:\/\/helgapollok.de\/wp-content\/uploads\/2024\/01\/IMG_3435-300x297.jpeg 300w, https:\/\/helgapollok.de\/wp-content\/uploads\/2024\/01\/IMG_3435-768x760.jpeg 768w, https:\/\/helgapollok.de\/wp-content\/uploads\/2024\/01\/IMG_3435-1536x1519.jpeg 1536w, https:\/\/helgapollok.de\/wp-content\/uploads\/2024\/01\/IMG_3435-2048x2025.jpeg 2048w\" sizes=\"(max-width: 1024px) 100vw, 1024px\" \/><\/figure>\n\n\n\n<figure class=\"wp-block-image size-large\"><img loading=\"lazy\" decoding=\"async\" width=\"798\" height=\"1024\" data-id=\"498\" src=\"https:\/\/helgapollok.de\/wp-content\/uploads\/2024\/01\/IMG_1195-798x1024.jpeg\" alt=\"\" class=\"wp-image-498\" srcset=\"https:\/\/helgapollok.de\/wp-content\/uploads\/2024\/01\/IMG_1195-798x1024.jpeg 798w, https:\/\/helgapollok.de\/wp-content\/uploads\/2024\/01\/IMG_1195-234x300.jpeg 234w, https:\/\/helgapollok.de\/wp-content\/uploads\/2024\/01\/IMG_1195-768x986.jpeg 768w, https:\/\/helgapollok.de\/wp-content\/uploads\/2024\/01\/IMG_1195-1197x1536.jpeg 1197w, https:\/\/helgapollok.de\/wp-content\/uploads\/2024\/01\/IMG_1195-1596x2048.jpeg 1596w, https:\/\/helgapollok.de\/wp-content\/uploads\/2024\/01\/IMG_1195-scaled.jpeg 1995w\" sizes=\"(max-width: 798px) 100vw, 798px\" \/><\/figure>\n\n\n\n<figure class=\"wp-block-image size-large\"><img loading=\"lazy\" decoding=\"async\" width=\"1024\" height=\"741\" data-id=\"499\" src=\"https:\/\/helgapollok.de\/wp-content\/uploads\/2024\/01\/IMG_1196-1024x741.jpeg\" alt=\"\" class=\"wp-image-499\" srcset=\"https:\/\/helgapollok.de\/wp-content\/uploads\/2024\/01\/IMG_1196-1024x741.jpeg 1024w, https:\/\/helgapollok.de\/wp-content\/uploads\/2024\/01\/IMG_1196-300x217.jpeg 300w, https:\/\/helgapollok.de\/wp-content\/uploads\/2024\/01\/IMG_1196-768x556.jpeg 768w, https:\/\/helgapollok.de\/wp-content\/uploads\/2024\/01\/IMG_1196-1536x1112.jpeg 1536w, https:\/\/helgapollok.de\/wp-content\/uploads\/2024\/01\/IMG_1196-2048x1482.jpeg 2048w\" sizes=\"(max-width: 1024px) 100vw, 1024px\" \/><\/figure>\n\n\n\n<figure class=\"wp-block-image size-large\"><img loading=\"lazy\" decoding=\"async\" width=\"1024\" height=\"797\" data-id=\"500\" src=\"https:\/\/helgapollok.de\/wp-content\/uploads\/2024\/01\/IMG_1197-1024x797.jpeg\" alt=\"\" class=\"wp-image-500\" srcset=\"https:\/\/helgapollok.de\/wp-content\/uploads\/2024\/01\/IMG_1197-1024x797.jpeg 1024w, https:\/\/helgapollok.de\/wp-content\/uploads\/2024\/01\/IMG_1197-300x234.jpeg 300w, https:\/\/helgapollok.de\/wp-content\/uploads\/2024\/01\/IMG_1197-768x598.jpeg 768w, https:\/\/helgapollok.de\/wp-content\/uploads\/2024\/01\/IMG_1197-1536x1196.jpeg 1536w, https:\/\/helgapollok.de\/wp-content\/uploads\/2024\/01\/IMG_1197-2048x1594.jpeg 2048w\" sizes=\"(max-width: 1024px) 100vw, 1024px\" \/><\/figure>\n<\/figure>\n\n\n\n<p><\/p>\n\n\n\n<figure class=\"wp-block-gallery has-nested-images columns-default is-cropped wp-block-gallery-4 is-layout-flex wp-block-gallery-is-layout-flex\">\n<figure class=\"wp-block-image size-large\"><img loading=\"lazy\" decoding=\"async\" width=\"471\" height=\"640\" data-id=\"242\" src=\"https:\/\/helgapollok.de\/wp-content\/uploads\/2024\/01\/IMG_9892.jpg\" alt=\"\" class=\"wp-image-242\" srcset=\"https:\/\/helgapollok.de\/wp-content\/uploads\/2024\/01\/IMG_9892.jpg 471w, https:\/\/helgapollok.de\/wp-content\/uploads\/2024\/01\/IMG_9892-221x300.jpg 221w\" sizes=\"(max-width: 471px) 100vw, 471px\" \/><\/figure>\n\n\n\n<figure class=\"wp-block-image size-large\"><img loading=\"lazy\" decoding=\"async\" width=\"1020\" height=\"960\" data-id=\"251\" src=\"https:\/\/helgapollok.de\/wp-content\/uploads\/2024\/01\/IMG_9891.jpg\" alt=\"\" class=\"wp-image-251\" srcset=\"https:\/\/helgapollok.de\/wp-content\/uploads\/2024\/01\/IMG_9891.jpg 1020w, https:\/\/helgapollok.de\/wp-content\/uploads\/2024\/01\/IMG_9891-300x282.jpg 300w, https:\/\/helgapollok.de\/wp-content\/uploads\/2024\/01\/IMG_9891-768x723.jpg 768w\" sizes=\"(max-width: 1020px) 100vw, 1020px\" \/><\/figure>\n\n\n\n<figure class=\"wp-block-image size-large\"><img loading=\"lazy\" decoding=\"async\" width=\"1024\" height=\"768\" data-id=\"236\" src=\"https:\/\/helgapollok.de\/wp-content\/uploads\/2024\/01\/IMG_8154-1024x768.jpeg\" alt=\"\" class=\"wp-image-236\" srcset=\"https:\/\/helgapollok.de\/wp-content\/uploads\/2024\/01\/IMG_8154-1024x768.jpeg 1024w, https:\/\/helgapollok.de\/wp-content\/uploads\/2024\/01\/IMG_8154-300x225.jpeg 300w, https:\/\/helgapollok.de\/wp-content\/uploads\/2024\/01\/IMG_8154-768x576.jpeg 768w, https:\/\/helgapollok.de\/wp-content\/uploads\/2024\/01\/IMG_8154.jpeg 1280w\" sizes=\"(max-width: 1024px) 100vw, 1024px\" \/><\/figure>\n\n\n\n<figure class=\"wp-block-image size-large\"><img loading=\"lazy\" decoding=\"async\" width=\"1024\" height=\"734\" data-id=\"237\" src=\"https:\/\/helgapollok.de\/wp-content\/uploads\/2024\/01\/IMG_8644-1024x734.jpeg\" alt=\"\" class=\"wp-image-237\" srcset=\"https:\/\/helgapollok.de\/wp-content\/uploads\/2024\/01\/IMG_8644-1024x734.jpeg 1024w, https:\/\/helgapollok.de\/wp-content\/uploads\/2024\/01\/IMG_8644-300x215.jpeg 300w, https:\/\/helgapollok.de\/wp-content\/uploads\/2024\/01\/IMG_8644-768x550.jpeg 768w, https:\/\/helgapollok.de\/wp-content\/uploads\/2024\/01\/IMG_8644.jpeg 1280w\" sizes=\"(max-width: 1024px) 100vw, 1024px\" \/><\/figure>\n\n\n\n<figure class=\"wp-block-image size-large\"><img loading=\"lazy\" decoding=\"async\" width=\"768\" height=\"1024\" data-id=\"32\" src=\"https:\/\/helgapollok.de\/wp-content\/uploads\/2024\/01\/IMG_8073-768x1024.jpeg\" alt=\"\" class=\"wp-image-32\" srcset=\"https:\/\/helgapollok.de\/wp-content\/uploads\/2024\/01\/IMG_8073-768x1024.jpeg 768w, https:\/\/helgapollok.de\/wp-content\/uploads\/2024\/01\/IMG_8073-225x300.jpeg 225w, https:\/\/helgapollok.de\/wp-content\/uploads\/2024\/01\/IMG_8073.jpeg 960w\" sizes=\"(max-width: 768px) 100vw, 768px\" \/><figcaption class=\"wp-element-caption\">Aquarell<\/figcaption><\/figure>\n\n\n\n<figure class=\"wp-block-image size-large\"><img loading=\"lazy\" decoding=\"async\" width=\"1024\" height=\"768\" data-id=\"238\" src=\"https:\/\/helgapollok.de\/wp-content\/uploads\/2024\/01\/IMG_8646-1024x768.jpeg\" alt=\"\" class=\"wp-image-238\" srcset=\"https:\/\/helgapollok.de\/wp-content\/uploads\/2024\/01\/IMG_8646-1024x768.jpeg 1024w, https:\/\/helgapollok.de\/wp-content\/uploads\/2024\/01\/IMG_8646-300x225.jpeg 300w, https:\/\/helgapollok.de\/wp-content\/uploads\/2024\/01\/IMG_8646-768x576.jpeg 768w, https:\/\/helgapollok.de\/wp-content\/uploads\/2024\/01\/IMG_8646.jpeg 1280w\" sizes=\"(max-width: 1024px) 100vw, 1024px\" \/><\/figure>\n\n\n\n<figure class=\"wp-block-image size-large\"><img loading=\"lazy\" decoding=\"async\" width=\"1024\" height=\"768\" data-id=\"246\" src=\"https:\/\/helgapollok.de\/wp-content\/uploads\/2024\/01\/IMG_8152-1024x768.jpeg\" alt=\"\" class=\"wp-image-246\" srcset=\"https:\/\/helgapollok.de\/wp-content\/uploads\/2024\/01\/IMG_8152-1024x768.jpeg 1024w, https:\/\/helgapollok.de\/wp-content\/uploads\/2024\/01\/IMG_8152-300x225.jpeg 300w, https:\/\/helgapollok.de\/wp-content\/uploads\/2024\/01\/IMG_8152-768x576.jpeg 768w, https:\/\/helgapollok.de\/wp-content\/uploads\/2024\/01\/IMG_8152-rotated.jpeg 1280w\" sizes=\"(max-width: 1024px) 100vw, 1024px\" \/><\/figure>\n<\/figure>\n","protected":false},"excerpt":{"rendered":"<p>Aquarellmalerei ist eine Technik f\u00fcr Ge\u00fcbte, wenn es pr\u00e4zise sein soll, l\u00e4sst aber auch viel Spielraum f\u00fcr expressionistische Darstellungen f\u00fcr den weniger ge\u00fcbten Maler. Die Farben werden mit Wasser im N\u00e4pfchen oder aus der Tube verd\u00fcnnt am besten auf ein von Hand gesch\u00f6pftes B\u00fcttenpapier mit&nbsp;&hellip;<\/p>\n","protected":false},"author":1,"featured_media":0,"parent":0,"menu_order":0,"comment_status":"closed","ping_status":"closed","template":"","meta":{"footnotes":""},"yoast_head":"<!-- This site is optimized with the Yoast SEO plugin v23.5 - https:\/\/yoast.com\/wordpress\/plugins\/seo\/ -->\n<title>Aquarell - Atelier Helga Pollok<\/title>\n<meta name=\"robots\" content=\"index, follow, max-snippet:-1, max-image-preview:large, max-video-preview:-1\" \/>\n<link rel=\"canonical\" href=\"https:\/\/helgapollok.de\/?page_id=199\" \/>\n<meta property=\"og:locale\" content=\"de_DE\" \/>\n<meta property=\"og:type\" content=\"article\" \/>\n<meta property=\"og:title\" content=\"Aquarell - Atelier Helga Pollok\" \/>\n<meta property=\"og:description\" content=\"Aquarellmalerei ist eine Technik f\u00fcr Ge\u00fcbte, wenn es pr\u00e4zise sein soll, l\u00e4sst aber auch viel Spielraum f\u00fcr expressionistische Darstellungen f\u00fcr den weniger ge\u00fcbten Maler. Die Farben werden mit Wasser im N\u00e4pfchen oder aus der Tube verd\u00fcnnt am besten auf ein von Hand gesch\u00f6pftes B\u00fcttenpapier mit&nbsp;&hellip;\" \/>\n<meta property=\"og:url\" content=\"https:\/\/helgapollok.de\/?page_id=199\" \/>\n<meta property=\"og:site_name\" content=\"Atelier Helga Pollok\" \/>\n<meta property=\"article:modified_time\" content=\"2024-01-27T23:02:09+00:00\" \/>\n<meta property=\"og:image\" content=\"https:\/\/helgapollok.de\/wp-content\/uploads\/2024\/01\/IMG_7187-1024x463.jpeg\" \/>\n<meta name=\"twitter:card\" content=\"summary_large_image\" \/>\n<script type=\"application\/ld+json\" class=\"yoast-schema-graph\">{\"@context\":\"https:\/\/schema.org\",\"@graph\":[{\"@type\":\"WebPage\",\"@id\":\"https:\/\/helgapollok.de\/?page_id=199\",\"url\":\"https:\/\/helgapollok.de\/?page_id=199\",\"name\":\"Aquarell - Atelier Helga Pollok\",\"isPartOf\":{\"@id\":\"https:\/\/helgapollok.de\/#website\"},\"primaryImageOfPage\":{\"@id\":\"https:\/\/helgapollok.de\/?page_id=199#primaryimage\"},\"image\":{\"@id\":\"https:\/\/helgapollok.de\/?page_id=199#primaryimage\"},\"thumbnailUrl\":\"https:\/\/helgapollok.de\/wp-content\/uploads\/2024\/01\/IMG_7187-1024x463.jpeg\",\"datePublished\":\"2024-01-26T13:28:46+00:00\",\"dateModified\":\"2024-01-27T23:02:09+00:00\",\"breadcrumb\":{\"@id\":\"https:\/\/helgapollok.de\/?page_id=199#breadcrumb\"},\"inLanguage\":\"de-DE\",\"potentialAction\":[{\"@type\":\"ReadAction\",\"target\":[\"https:\/\/helgapollok.de\/?page_id=199\"]}]},{\"@type\":\"ImageObject\",\"inLanguage\":\"de-DE\",\"@id\":\"https:\/\/helgapollok.de\/?page_id=199#primaryimage\",\"url\":\"https:\/\/helgapollok.de\/wp-content\/uploads\/2024\/01\/IMG_7187.jpeg\",\"contentUrl\":\"https:\/\/helgapollok.de\/wp-content\/uploads\/2024\/01\/IMG_7187.jpeg\",\"width\":1280,\"height\":579},{\"@type\":\"BreadcrumbList\",\"@id\":\"https:\/\/helgapollok.de\/?page_id=199#breadcrumb\",\"itemListElement\":[{\"@type\":\"ListItem\",\"position\":1,\"name\":\"Startseite\",\"item\":\"https:\/\/helgapollok.de\/\"},{\"@type\":\"ListItem\",\"position\":2,\"name\":\"Aquarell\"}]},{\"@type\":\"WebSite\",\"@id\":\"https:\/\/helgapollok.de\/#website\",\"url\":\"https:\/\/helgapollok.de\/\",\"name\":\"Atelier Helga Pollok\",\"description\":\"\",\"potentialAction\":[{\"@type\":\"SearchAction\",\"target\":{\"@type\":\"EntryPoint\",\"urlTemplate\":\"https:\/\/helgapollok.de\/?s={search_term_string}\"},\"query-input\":{\"@type\":\"PropertyValueSpecification\",\"valueRequired\":true,\"valueName\":\"search_term_string\"}}],\"inLanguage\":\"de-DE\"}]}<\/script>\n<!-- \/ Yoast SEO plugin. -->","yoast_head_json":{"title":"Aquarell - Atelier Helga Pollok","robots":{"index":"index","follow":"follow","max-snippet":"max-snippet:-1","max-image-preview":"max-image-preview:large","max-video-preview":"max-video-preview:-1"},"canonical":"https:\/\/helgapollok.de\/?page_id=199","og_locale":"de_DE","og_type":"article","og_title":"Aquarell - Atelier Helga Pollok","og_description":"Aquarellmalerei ist eine Technik f\u00fcr Ge\u00fcbte, wenn es pr\u00e4zise sein soll, l\u00e4sst aber auch viel Spielraum f\u00fcr expressionistische Darstellungen f\u00fcr den weniger ge\u00fcbten Maler. Die Farben werden mit Wasser im N\u00e4pfchen oder aus der Tube verd\u00fcnnt am besten auf ein von Hand gesch\u00f6pftes B\u00fcttenpapier mit&nbsp;&hellip;","og_url":"https:\/\/helgapollok.de\/?page_id=199","og_site_name":"Atelier Helga Pollok","article_modified_time":"2024-01-27T23:02:09+00:00","og_image":[{"url":"https:\/\/helgapollok.de\/wp-content\/uploads\/2024\/01\/IMG_7187-1024x463.jpeg"}],"twitter_card":"summary_large_image","schema":{"@context":"https:\/\/schema.org","@graph":[{"@type":"WebPage","@id":"https:\/\/helgapollok.de\/?page_id=199","url":"https:\/\/helgapollok.de\/?page_id=199","name":"Aquarell - Atelier Helga Pollok","isPartOf":{"@id":"https:\/\/helgapollok.de\/#website"},"primaryImageOfPage":{"@id":"https:\/\/helgapollok.de\/?page_id=199#primaryimage"},"image":{"@id":"https:\/\/helgapollok.de\/?page_id=199#primaryimage"},"thumbnailUrl":"https:\/\/helgapollok.de\/wp-content\/uploads\/2024\/01\/IMG_7187-1024x463.jpeg","datePublished":"2024-01-26T13:28:46+00:00","dateModified":"2024-01-27T23:02:09+00:00","breadcrumb":{"@id":"https:\/\/helgapollok.de\/?page_id=199#breadcrumb"},"inLanguage":"de-DE","potentialAction":[{"@type":"ReadAction","target":["https:\/\/helgapollok.de\/?page_id=199"]}]},{"@type":"ImageObject","inLanguage":"de-DE","@id":"https:\/\/helgapollok.de\/?page_id=199#primaryimage","url":"https:\/\/helgapollok.de\/wp-content\/uploads\/2024\/01\/IMG_7187.jpeg","contentUrl":"https:\/\/helgapollok.de\/wp-content\/uploads\/2024\/01\/IMG_7187.jpeg","width":1280,"height":579},{"@type":"BreadcrumbList","@id":"https:\/\/helgapollok.de\/?page_id=199#breadcrumb","itemListElement":[{"@type":"ListItem","position":1,"name":"Startseite","item":"https:\/\/helgapollok.de\/"},{"@type":"ListItem","position":2,"name":"Aquarell"}]},{"@type":"WebSite","@id":"https:\/\/helgapollok.de\/#website","url":"https:\/\/helgapollok.de\/","name":"Atelier Helga Pollok","description":"","potentialAction":[{"@type":"SearchAction","target":{"@type":"EntryPoint","urlTemplate":"https:\/\/helgapollok.de\/?s={search_term_string}"},"query-input":{"@type":"PropertyValueSpecification","valueRequired":true,"valueName":"search_term_string"}}],"inLanguage":"de-DE"}]}},"_links":{"self":[{"href":"https:\/\/helgapollok.de\/index.php?rest_route=\/wp\/v2\/pages\/199"}],"collection":[{"href":"https:\/\/helgapollok.de\/index.php?rest_route=\/wp\/v2\/pages"}],"about":[{"href":"https:\/\/helgapollok.de\/index.php?rest_route=\/wp\/v2\/types\/page"}],"author":[{"embeddable":true,"href":"https:\/\/helgapollok.de\/index.php?rest_route=\/wp\/v2\/users\/1"}],"replies":[{"embeddable":true,"href":"https:\/\/helgapollok.de\/index.php?rest_route=%2Fwp%2Fv2%2Fcomments&post=199"}],"version-history":[{"count":11,"href":"https:\/\/helgapollok.de\/index.php?rest_route=\/wp\/v2\/pages\/199\/revisions"}],"predecessor-version":[{"id":574,"href":"https:\/\/helgapollok.de\/index.php?rest_route=\/wp\/v2\/pages\/199\/revisions\/574"}],"wp:attachment":[{"href":"https:\/\/helgapollok.de\/index.php?rest_route=%2Fwp%2Fv2%2Fmedia&parent=199"}],"curies":[{"name":"wp","href":"https:\/\/api.w.org\/{rel}","templated":true}]}}