{"id":211,"date":"2024-01-26T13:31:23","date_gmt":"2024-01-26T13:31:23","guid":{"rendered":"https:\/\/helgapollok.de\/?page_id=211"},"modified":"2024-03-09T11:44:27","modified_gmt":"2024-03-09T11:44:27","slug":"farben-herstellen","status":"publish","type":"page","link":"https:\/\/helgapollok.de\/?page_id=211","title":{"rendered":"K\u00fcnstlerfarben"},"content":{"rendered":"\n<p>Herstellung von Aquarell- und \u00d6lfarben und Tuschen und Tinten<\/p>\n\n\n\n<p>Jeder K\u00fcnstler sollte \u00fcber den Umgang mit seinen Materialien gut informiert sein. Das Wissen um Pigmente, Bindemittel, Pinsel und Maluntergr\u00fcnde vereinfacht die Handhabe und vermeidet Fehler oder Frust. Ein Beispiel dazu ist die Frage, warum manche Farben gut decken und manche eben nicht, oder warum gute Qualit\u00e4t gerade beim K\u00fcnstlermaterial seinen Preis hat. Bei der Herstellung eigener Farben erlebt man nicht nur die vielen Produktionsschritte bis zum Endergebnis, sondern versteht auch gleich viele unbeantwortete Fragen. Es ist ein bisschen Alchimistenk\u00fcche, eine Abfolge chemischer Prozesse, die ungeheuren Spa\u00df bereiten. Als K\u00fcnstler wird man Eins mit Materie und seinem Schaffensprozess.<\/p>\n\n\n\n<figure class=\"wp-block-gallery has-nested-images columns-default is-cropped wp-block-gallery-1 is-layout-flex wp-block-gallery-is-layout-flex\">\n<figure class=\"wp-block-image size-large\"><img loading=\"lazy\" decoding=\"async\" width=\"1024\" height=\"893\" data-id=\"582\" src=\"https:\/\/helgapollok.de\/wp-content\/uploads\/2024\/01\/IMG_9934-1024x893.jpg\" alt=\"\" class=\"wp-image-582\" srcset=\"https:\/\/helgapollok.de\/wp-content\/uploads\/2024\/01\/IMG_9934-1024x893.jpg 1024w, https:\/\/helgapollok.de\/wp-content\/uploads\/2024\/01\/IMG_9934-300x262.jpg 300w, https:\/\/helgapollok.de\/wp-content\/uploads\/2024\/01\/IMG_9934-768x670.jpg 768w, https:\/\/helgapollok.de\/wp-content\/uploads\/2024\/01\/IMG_9934.jpg 1101w\" sizes=\"(max-width: 1024px) 100vw, 1024px\" \/><figcaption class=\"wp-element-caption\">Gummiarabikum roh<\/figcaption><\/figure>\n\n\n\n<figure class=\"wp-block-image size-full\"><img loading=\"lazy\" decoding=\"async\" width=\"960\" height=\"1020\" data-id=\"581\" src=\"https:\/\/helgapollok.de\/wp-content\/uploads\/2024\/01\/IMG_9933.jpg\" alt=\"\" class=\"wp-image-581\" srcset=\"https:\/\/helgapollok.de\/wp-content\/uploads\/2024\/01\/IMG_9933.jpg 960w, https:\/\/helgapollok.de\/wp-content\/uploads\/2024\/01\/IMG_9933-282x300.jpg 282w, https:\/\/helgapollok.de\/wp-content\/uploads\/2024\/01\/IMG_9933-768x816.jpg 768w\" sizes=\"(max-width: 960px) 100vw, 960px\" \/><figcaption class=\"wp-element-caption\">Pigment und fl\u00fcssiges Gummirarabikum zur Herstellung von Aquarellfarben<\/figcaption><\/figure>\n\n\n\n<figure class=\"wp-block-image size-large\"><img loading=\"lazy\" decoding=\"async\" width=\"768\" height=\"1024\" data-id=\"586\" src=\"https:\/\/helgapollok.de\/wp-content\/uploads\/2024\/01\/IMG_9939-768x1024.jpg\" alt=\"\" class=\"wp-image-586\" srcset=\"https:\/\/helgapollok.de\/wp-content\/uploads\/2024\/01\/IMG_9939-768x1024.jpg 768w, https:\/\/helgapollok.de\/wp-content\/uploads\/2024\/01\/IMG_9939-225x300.jpg 225w, https:\/\/helgapollok.de\/wp-content\/uploads\/2024\/01\/IMG_9939.jpg 960w\" sizes=\"(max-width: 768px) 100vw, 768px\" \/><figcaption class=\"wp-element-caption\">Mit dem L\u00e4ufer wird das Pigment feinst angerieben<\/figcaption><\/figure>\n\n\n\n<figure class=\"wp-block-image size-large\"><img loading=\"lazy\" decoding=\"async\" width=\"928\" height=\"1024\" data-id=\"583\" src=\"https:\/\/helgapollok.de\/wp-content\/uploads\/2024\/01\/IMG_9943-928x1024.jpg\" alt=\"\" class=\"wp-image-583\" srcset=\"https:\/\/helgapollok.de\/wp-content\/uploads\/2024\/01\/IMG_9943-928x1024.jpg 928w, https:\/\/helgapollok.de\/wp-content\/uploads\/2024\/01\/IMG_9943-272x300.jpg 272w, https:\/\/helgapollok.de\/wp-content\/uploads\/2024\/01\/IMG_9943-768x847.jpg 768w, https:\/\/helgapollok.de\/wp-content\/uploads\/2024\/01\/IMG_9943.jpg 960w\" sizes=\"(max-width: 928px) 100vw, 928px\" \/><figcaption class=\"wp-element-caption\">Der Test &#8211; die Farbe leuchtet<\/figcaption><\/figure>\n\n\n\n<figure class=\"wp-block-image size-large\"><img loading=\"lazy\" decoding=\"async\" width=\"935\" height=\"1024\" data-id=\"529\" src=\"https:\/\/helgapollok.de\/wp-content\/uploads\/2024\/01\/IMG_3373-935x1024.jpeg\" alt=\"\" class=\"wp-image-529\" srcset=\"https:\/\/helgapollok.de\/wp-content\/uploads\/2024\/01\/IMG_3373-935x1024.jpeg 935w, https:\/\/helgapollok.de\/wp-content\/uploads\/2024\/01\/IMG_3373-274x300.jpeg 274w, https:\/\/helgapollok.de\/wp-content\/uploads\/2024\/01\/IMG_3373-768x842.jpeg 768w, https:\/\/helgapollok.de\/wp-content\/uploads\/2024\/01\/IMG_3373.jpeg 961w\" sizes=\"(max-width: 935px) 100vw, 935px\" \/><figcaption class=\"wp-element-caption\">Die Alchimistenk\u00fcche<\/figcaption><\/figure>\n\n\n\n<figure class=\"wp-block-image size-large\"><img loading=\"lazy\" decoding=\"async\" width=\"716\" height=\"1024\" data-id=\"534\" src=\"https:\/\/helgapollok.de\/wp-content\/uploads\/2024\/01\/IMG_3400-716x1024.jpeg\" alt=\"\" class=\"wp-image-534\" srcset=\"https:\/\/helgapollok.de\/wp-content\/uploads\/2024\/01\/IMG_3400-716x1024.jpeg 716w, https:\/\/helgapollok.de\/wp-content\/uploads\/2024\/01\/IMG_3400-210x300.jpeg 210w, https:\/\/helgapollok.de\/wp-content\/uploads\/2024\/01\/IMG_3400-768x1098.jpeg 768w, https:\/\/helgapollok.de\/wp-content\/uploads\/2024\/01\/IMG_3400.jpeg 895w\" sizes=\"(max-width: 716px) 100vw, 716px\" \/><figcaption class=\"wp-element-caption\">Zerriebener Holunder wird fein gesiebt<\/figcaption><\/figure>\n\n\n\n<figure class=\"wp-block-image size-large\"><img loading=\"lazy\" decoding=\"async\" width=\"768\" height=\"1024\" data-id=\"535\" src=\"https:\/\/helgapollok.de\/wp-content\/uploads\/2024\/01\/IMG_3411-768x1024.jpeg\" alt=\"\" class=\"wp-image-535\" srcset=\"https:\/\/helgapollok.de\/wp-content\/uploads\/2024\/01\/IMG_3411-768x1024.jpeg 768w, https:\/\/helgapollok.de\/wp-content\/uploads\/2024\/01\/IMG_3411-225x300.jpeg 225w, https:\/\/helgapollok.de\/wp-content\/uploads\/2024\/01\/IMG_3411-rotated.jpeg 960w\" sizes=\"(max-width: 768px) 100vw, 768px\" \/><figcaption class=\"wp-element-caption\">Dokumentenechte Tinte aus Gall\u00e4pfeln<\/figcaption><\/figure>\n\n\n\n<figure class=\"wp-block-image size-large\"><img loading=\"lazy\" decoding=\"async\" width=\"761\" height=\"1024\" data-id=\"562\" src=\"https:\/\/helgapollok.de\/wp-content\/uploads\/2024\/01\/IMG_8130-761x1024.jpg\" alt=\"\" class=\"wp-image-562\" srcset=\"https:\/\/helgapollok.de\/wp-content\/uploads\/2024\/01\/IMG_8130-761x1024.jpg 761w, https:\/\/helgapollok.de\/wp-content\/uploads\/2024\/01\/IMG_8130-223x300.jpg 223w, https:\/\/helgapollok.de\/wp-content\/uploads\/2024\/01\/IMG_8130-768x1033.jpg 768w, https:\/\/helgapollok.de\/wp-content\/uploads\/2024\/01\/IMG_8130-1142x1536.jpg 1142w, https:\/\/helgapollok.de\/wp-content\/uploads\/2024\/01\/IMG_8130-1523x2048.jpg 1523w, https:\/\/helgapollok.de\/wp-content\/uploads\/2024\/01\/IMG_8130-scaled.jpg 1903w\" sizes=\"(max-width: 761px) 100vw, 761px\" \/><figcaption class=\"wp-element-caption\">Mein Farbenbuch mit vielen Proben<\/figcaption><\/figure>\n\n\n\n<figure class=\"wp-block-image size-large\"><img loading=\"lazy\" decoding=\"async\" width=\"835\" height=\"1024\" data-id=\"540\" src=\"https:\/\/helgapollok.de\/wp-content\/uploads\/2024\/01\/IMG_3412-835x1024.jpeg\" alt=\"\" class=\"wp-image-540\" srcset=\"https:\/\/helgapollok.de\/wp-content\/uploads\/2024\/01\/IMG_3412-835x1024.jpeg 835w, https:\/\/helgapollok.de\/wp-content\/uploads\/2024\/01\/IMG_3412-245x300.jpeg 245w, https:\/\/helgapollok.de\/wp-content\/uploads\/2024\/01\/IMG_3412-768x942.jpeg 768w, https:\/\/helgapollok.de\/wp-content\/uploads\/2024\/01\/IMG_3412.jpeg 961w\" sizes=\"(max-width: 835px) 100vw, 835px\" \/><\/figure>\n\n\n\n<figure class=\"wp-block-image size-large\"><img loading=\"lazy\" decoding=\"async\" width=\"961\" height=\"977\" data-id=\"537\" src=\"https:\/\/helgapollok.de\/wp-content\/uploads\/2024\/01\/IMG_7567.jpeg\" alt=\"\" class=\"wp-image-537\" srcset=\"https:\/\/helgapollok.de\/wp-content\/uploads\/2024\/01\/IMG_7567.jpeg 961w, https:\/\/helgapollok.de\/wp-content\/uploads\/2024\/01\/IMG_7567-295x300.jpeg 295w, https:\/\/helgapollok.de\/wp-content\/uploads\/2024\/01\/IMG_7567-768x781.jpeg 768w\" sizes=\"(max-width: 961px) 100vw, 961px\" \/><\/figure>\n\n\n\n<figure class=\"wp-block-image size-large\"><img loading=\"lazy\" decoding=\"async\" width=\"886\" height=\"1024\" data-id=\"587\" src=\"https:\/\/helgapollok.de\/wp-content\/uploads\/2024\/01\/IMG_9940-886x1024.jpg\" alt=\"\" class=\"wp-image-587\" srcset=\"https:\/\/helgapollok.de\/wp-content\/uploads\/2024\/01\/IMG_9940-886x1024.jpg 886w, https:\/\/helgapollok.de\/wp-content\/uploads\/2024\/01\/IMG_9940-259x300.jpg 259w, https:\/\/helgapollok.de\/wp-content\/uploads\/2024\/01\/IMG_9940-768x888.jpg 768w, https:\/\/helgapollok.de\/wp-content\/uploads\/2024\/01\/IMG_9940-1328x1536.jpg 1328w, https:\/\/helgapollok.de\/wp-content\/uploads\/2024\/01\/IMG_9940-1771x2048.jpg 1771w\" sizes=\"(max-width: 886px) 100vw, 886px\" \/><\/figure>\n\n\n\n<figure class=\"wp-block-image size-large\"><img loading=\"lazy\" decoding=\"async\" width=\"1024\" height=\"768\" data-id=\"593\" src=\"https:\/\/helgapollok.de\/wp-content\/uploads\/2024\/01\/IMG_9928-1-1024x768.jpeg\" alt=\"\" class=\"wp-image-593\" srcset=\"https:\/\/helgapollok.de\/wp-content\/uploads\/2024\/01\/IMG_9928-1-1024x768.jpeg 1024w, https:\/\/helgapollok.de\/wp-content\/uploads\/2024\/01\/IMG_9928-1-300x225.jpeg 300w, https:\/\/helgapollok.de\/wp-content\/uploads\/2024\/01\/IMG_9928-1-768x576.jpeg 768w, https:\/\/helgapollok.de\/wp-content\/uploads\/2024\/01\/IMG_9928-1-rotated.jpeg 1280w\" sizes=\"(max-width: 1024px) 100vw, 1024px\" \/><\/figure>\n\n\n\n<figure class=\"wp-block-image size-large\"><img loading=\"lazy\" decoding=\"async\" width=\"784\" height=\"1024\" data-id=\"592\" src=\"https:\/\/helgapollok.de\/wp-content\/uploads\/2024\/01\/IMG_9922-1-784x1024.jpeg\" alt=\"\" class=\"wp-image-592\" srcset=\"https:\/\/helgapollok.de\/wp-content\/uploads\/2024\/01\/IMG_9922-1-784x1024.jpeg 784w, https:\/\/helgapollok.de\/wp-content\/uploads\/2024\/01\/IMG_9922-1-230x300.jpeg 230w, https:\/\/helgapollok.de\/wp-content\/uploads\/2024\/01\/IMG_9922-1-768x1003.jpeg 768w, https:\/\/helgapollok.de\/wp-content\/uploads\/2024\/01\/IMG_9922-1.jpeg 961w\" sizes=\"(max-width: 784px) 100vw, 784px\" \/><\/figure>\n<\/figure>\n\n\n\n<p>Die Porzellann\u00e4pfchen sind 8 x 4 cm gro\u00df und erm\u00f6glichen einen gro\u00dfz\u00fcgigen Farbauftrag auf gro\u00dfformatigen Papieren.<\/p>\n","protected":false},"excerpt":{"rendered":"<p>Herstellung von Aquarell- und \u00d6lfarben und Tuschen und Tinten Jeder K\u00fcnstler sollte \u00fcber den Umgang mit seinen Materialien gut informiert sein. Das Wissen um Pigmente, Bindemittel, Pinsel und Maluntergr\u00fcnde vereinfacht die Handhabe und vermeidet Fehler oder Frust. Ein Beispiel dazu ist die Frage, warum manche&nbsp;&hellip;<\/p>\n","protected":false},"author":1,"featured_media":0,"parent":0,"menu_order":0,"comment_status":"closed","ping_status":"closed","template":"","meta":{"footnotes":""},"yoast_head":"<!-- This site is optimized with the Yoast SEO plugin v23.5 - https:\/\/yoast.com\/wordpress\/plugins\/seo\/ -->\n<title>K\u00fcnstlerfarben - Atelier Helga Pollok<\/title>\n<meta name=\"robots\" content=\"index, follow, max-snippet:-1, max-image-preview:large, max-video-preview:-1\" \/>\n<link rel=\"canonical\" href=\"https:\/\/helgapollok.de\/?page_id=211\" \/>\n<meta property=\"og:locale\" content=\"de_DE\" \/>\n<meta property=\"og:type\" content=\"article\" \/>\n<meta property=\"og:title\" content=\"K\u00fcnstlerfarben - Atelier Helga Pollok\" \/>\n<meta property=\"og:description\" content=\"Herstellung von Aquarell- und \u00d6lfarben und Tuschen und Tinten Jeder K\u00fcnstler sollte \u00fcber den Umgang mit seinen Materialien gut informiert sein. Das Wissen um Pigmente, Bindemittel, Pinsel und Maluntergr\u00fcnde vereinfacht die Handhabe und vermeidet Fehler oder Frust. Ein Beispiel dazu ist die Frage, warum manche&nbsp;&hellip;\" \/>\n<meta property=\"og:url\" content=\"https:\/\/helgapollok.de\/?page_id=211\" \/>\n<meta property=\"og:site_name\" content=\"Atelier Helga Pollok\" \/>\n<meta property=\"article:modified_time\" content=\"2024-03-09T11:44:27+00:00\" \/>\n<meta property=\"og:image\" content=\"https:\/\/helgapollok.de\/wp-content\/uploads\/2024\/01\/IMG_9934-1024x893.jpg\" \/>\n<meta name=\"twitter:card\" content=\"summary_large_image\" \/>\n<meta name=\"twitter:label1\" content=\"Gesch\u00e4tzte Lesezeit\" \/>\n\t<meta name=\"twitter:data1\" content=\"4 Minuten\" \/>\n<script type=\"application\/ld+json\" class=\"yoast-schema-graph\">{\"@context\":\"https:\/\/schema.org\",\"@graph\":[{\"@type\":\"WebPage\",\"@id\":\"https:\/\/helgapollok.de\/?page_id=211\",\"url\":\"https:\/\/helgapollok.de\/?page_id=211\",\"name\":\"K\u00fcnstlerfarben - Atelier Helga Pollok\",\"isPartOf\":{\"@id\":\"https:\/\/helgapollok.de\/#website\"},\"primaryImageOfPage\":{\"@id\":\"https:\/\/helgapollok.de\/?page_id=211#primaryimage\"},\"image\":{\"@id\":\"https:\/\/helgapollok.de\/?page_id=211#primaryimage\"},\"thumbnailUrl\":\"https:\/\/helgapollok.de\/wp-content\/uploads\/2024\/01\/IMG_9934-1024x893.jpg\",\"datePublished\":\"2024-01-26T13:31:23+00:00\",\"dateModified\":\"2024-03-09T11:44:27+00:00\",\"breadcrumb\":{\"@id\":\"https:\/\/helgapollok.de\/?page_id=211#breadcrumb\"},\"inLanguage\":\"de-DE\",\"potentialAction\":[{\"@type\":\"ReadAction\",\"target\":[\"https:\/\/helgapollok.de\/?page_id=211\"]}]},{\"@type\":\"ImageObject\",\"inLanguage\":\"de-DE\",\"@id\":\"https:\/\/helgapollok.de\/?page_id=211#primaryimage\",\"url\":\"https:\/\/helgapollok.de\/wp-content\/uploads\/2024\/01\/IMG_9934.jpg\",\"contentUrl\":\"https:\/\/helgapollok.de\/wp-content\/uploads\/2024\/01\/IMG_9934.jpg\",\"width\":1101,\"height\":960},{\"@type\":\"BreadcrumbList\",\"@id\":\"https:\/\/helgapollok.de\/?page_id=211#breadcrumb\",\"itemListElement\":[{\"@type\":\"ListItem\",\"position\":1,\"name\":\"Startseite\",\"item\":\"https:\/\/helgapollok.de\/\"},{\"@type\":\"ListItem\",\"position\":2,\"name\":\"K\u00fcnstlerfarben\"}]},{\"@type\":\"WebSite\",\"@id\":\"https:\/\/helgapollok.de\/#website\",\"url\":\"https:\/\/helgapollok.de\/\",\"name\":\"Atelier Helga Pollok\",\"description\":\"\",\"potentialAction\":[{\"@type\":\"SearchAction\",\"target\":{\"@type\":\"EntryPoint\",\"urlTemplate\":\"https:\/\/helgapollok.de\/?s={search_term_string}\"},\"query-input\":{\"@type\":\"PropertyValueSpecification\",\"valueRequired\":true,\"valueName\":\"search_term_string\"}}],\"inLanguage\":\"de-DE\"}]}<\/script>\n<!-- \/ Yoast SEO plugin. -->","yoast_head_json":{"title":"K\u00fcnstlerfarben - Atelier Helga Pollok","robots":{"index":"index","follow":"follow","max-snippet":"max-snippet:-1","max-image-preview":"max-image-preview:large","max-video-preview":"max-video-preview:-1"},"canonical":"https:\/\/helgapollok.de\/?page_id=211","og_locale":"de_DE","og_type":"article","og_title":"K\u00fcnstlerfarben - Atelier Helga Pollok","og_description":"Herstellung von Aquarell- und \u00d6lfarben und Tuschen und Tinten Jeder K\u00fcnstler sollte \u00fcber den Umgang mit seinen Materialien gut informiert sein. Das Wissen um Pigmente, Bindemittel, Pinsel und Maluntergr\u00fcnde vereinfacht die Handhabe und vermeidet Fehler oder Frust. Ein Beispiel dazu ist die Frage, warum manche&nbsp;&hellip;","og_url":"https:\/\/helgapollok.de\/?page_id=211","og_site_name":"Atelier Helga Pollok","article_modified_time":"2024-03-09T11:44:27+00:00","og_image":[{"url":"https:\/\/helgapollok.de\/wp-content\/uploads\/2024\/01\/IMG_9934-1024x893.jpg"}],"twitter_card":"summary_large_image","twitter_misc":{"Gesch\u00e4tzte Lesezeit":"4 Minuten"},"schema":{"@context":"https:\/\/schema.org","@graph":[{"@type":"WebPage","@id":"https:\/\/helgapollok.de\/?page_id=211","url":"https:\/\/helgapollok.de\/?page_id=211","name":"K\u00fcnstlerfarben - Atelier Helga Pollok","isPartOf":{"@id":"https:\/\/helgapollok.de\/#website"},"primaryImageOfPage":{"@id":"https:\/\/helgapollok.de\/?page_id=211#primaryimage"},"image":{"@id":"https:\/\/helgapollok.de\/?page_id=211#primaryimage"},"thumbnailUrl":"https:\/\/helgapollok.de\/wp-content\/uploads\/2024\/01\/IMG_9934-1024x893.jpg","datePublished":"2024-01-26T13:31:23+00:00","dateModified":"2024-03-09T11:44:27+00:00","breadcrumb":{"@id":"https:\/\/helgapollok.de\/?page_id=211#breadcrumb"},"inLanguage":"de-DE","potentialAction":[{"@type":"ReadAction","target":["https:\/\/helgapollok.de\/?page_id=211"]}]},{"@type":"ImageObject","inLanguage":"de-DE","@id":"https:\/\/helgapollok.de\/?page_id=211#primaryimage","url":"https:\/\/helgapollok.de\/wp-content\/uploads\/2024\/01\/IMG_9934.jpg","contentUrl":"https:\/\/helgapollok.de\/wp-content\/uploads\/2024\/01\/IMG_9934.jpg","width":1101,"height":960},{"@type":"BreadcrumbList","@id":"https:\/\/helgapollok.de\/?page_id=211#breadcrumb","itemListElement":[{"@type":"ListItem","position":1,"name":"Startseite","item":"https:\/\/helgapollok.de\/"},{"@type":"ListItem","position":2,"name":"K\u00fcnstlerfarben"}]},{"@type":"WebSite","@id":"https:\/\/helgapollok.de\/#website","url":"https:\/\/helgapollok.de\/","name":"Atelier Helga Pollok","description":"","potentialAction":[{"@type":"SearchAction","target":{"@type":"EntryPoint","urlTemplate":"https:\/\/helgapollok.de\/?s={search_term_string}"},"query-input":{"@type":"PropertyValueSpecification","valueRequired":true,"valueName":"search_term_string"}}],"inLanguage":"de-DE"}]}},"_links":{"self":[{"href":"https:\/\/helgapollok.de\/index.php?rest_route=\/wp\/v2\/pages\/211"}],"collection":[{"href":"https:\/\/helgapollok.de\/index.php?rest_route=\/wp\/v2\/pages"}],"about":[{"href":"https:\/\/helgapollok.de\/index.php?rest_route=\/wp\/v2\/types\/page"}],"author":[{"embeddable":true,"href":"https:\/\/helgapollok.de\/index.php?rest_route=\/wp\/v2\/users\/1"}],"replies":[{"embeddable":true,"href":"https:\/\/helgapollok.de\/index.php?rest_route=%2Fwp%2Fv2%2Fcomments&post=211"}],"version-history":[{"count":12,"href":"https:\/\/helgapollok.de\/index.php?rest_route=\/wp\/v2\/pages\/211\/revisions"}],"predecessor-version":[{"id":843,"href":"https:\/\/helgapollok.de\/index.php?rest_route=\/wp\/v2\/pages\/211\/revisions\/843"}],"wp:attachment":[{"href":"https:\/\/helgapollok.de\/index.php?rest_route=%2Fwp%2Fv2%2Fmedia&parent=211"}],"curies":[{"name":"wp","href":"https:\/\/api.w.org\/{rel}","templated":true}]}}