{"id":213,"date":"2024-01-26T13:31:45","date_gmt":"2024-01-26T13:31:45","guid":{"rendered":"https:\/\/helgapollok.de\/?page_id=213"},"modified":"2024-02-15T11:08:47","modified_gmt":"2024-02-15T11:08:47","slug":"buchbinden","status":"publish","type":"page","link":"https:\/\/helgapollok.de\/?page_id=213","title":{"rendered":"Buchbinden"},"content":{"rendered":"\n<p>Wohin mit all den Skizzen und kleinen Aquarellen, die sich im Laufe der Zeit ansammelten und eigentlich zu schade sind, in einer Schublade zu lagern? Diese Frage brachte mich dazu, B\u00fccher und Alben selbst zu binden. Der Gestaltung der Einb\u00e4nde sind keine Grenzen gesetzt. Und so lassen sich mit au\u00dfergew\u00f6hnlichem Papier, Pappen und dem Wissen um die traditionellen, teils aus dem 2. Jahrhundert nach Christus stammenden, verschiedenen Bindetechniken mit Bild und Text gef\u00fcllte Unikate schaffen. Es entstehen kleine Sch\u00e4tze, die es so nicht zu kaufen gibt und damit einzigartig sind. <br>Unter dem Punkt <strong><a href=\"https:\/\/helgapollok.de\/?page_id=708\" target=\"_blank\" rel=\"noreferrer noopener\">Kalligraphie<\/a><\/strong> finden Sie mehr \u00fcber das \u201cInnenleben\u201d meiner B\u00fccher.<\/p>\n\n\n\n<figure class=\"wp-block-gallery has-nested-images columns-default is-cropped wp-block-gallery-1 is-layout-flex wp-block-gallery-is-layout-flex\">\n<figure class=\"wp-block-image size-large\"><img loading=\"lazy\" decoding=\"async\" width=\"1015\" height=\"961\" data-id=\"511\" src=\"https:\/\/helgapollok.de\/wp-content\/uploads\/2024\/01\/IMG_9870-1.jpeg\" alt=\"\" class=\"wp-image-511\" srcset=\"https:\/\/helgapollok.de\/wp-content\/uploads\/2024\/01\/IMG_9870-1.jpeg 1015w, https:\/\/helgapollok.de\/wp-content\/uploads\/2024\/01\/IMG_9870-1-300x284.jpeg 300w, https:\/\/helgapollok.de\/wp-content\/uploads\/2024\/01\/IMG_9870-1-768x727.jpeg 768w\" sizes=\"(max-width: 1015px) 100vw, 1015px\" \/><\/figure>\n\n\n\n<figure class=\"wp-block-image size-large\"><img loading=\"lazy\" decoding=\"async\" width=\"961\" height=\"1002\" data-id=\"513\" src=\"https:\/\/helgapollok.de\/wp-content\/uploads\/2024\/01\/IMG_9876-1.jpeg\" alt=\"\" class=\"wp-image-513\" srcset=\"https:\/\/helgapollok.de\/wp-content\/uploads\/2024\/01\/IMG_9876-1.jpeg 961w, https:\/\/helgapollok.de\/wp-content\/uploads\/2024\/01\/IMG_9876-1-288x300.jpeg 288w, https:\/\/helgapollok.de\/wp-content\/uploads\/2024\/01\/IMG_9876-1-768x801.jpeg 768w\" sizes=\"(max-width: 961px) 100vw, 961px\" \/><\/figure>\n<\/figure>\n\n\n\n<p><\/p>\n\n\n\n<p>Los geht\u2019s \u2026<\/p>\n\n\n\n<figure class=\"wp-block-gallery has-nested-images columns-default is-cropped wp-block-gallery-2 is-layout-flex wp-block-gallery-is-layout-flex\">\n<figure class=\"wp-block-image size-large\"><img loading=\"lazy\" decoding=\"async\" width=\"1024\" height=\"712\" data-id=\"735\" src=\"https:\/\/helgapollok.de\/wp-content\/uploads\/2024\/02\/IMG_0097-1024x712.jpeg\" alt=\"\" class=\"wp-image-735\" srcset=\"https:\/\/helgapollok.de\/wp-content\/uploads\/2024\/02\/IMG_0097-1024x712.jpeg 1024w, https:\/\/helgapollok.de\/wp-content\/uploads\/2024\/02\/IMG_0097-300x209.jpeg 300w, https:\/\/helgapollok.de\/wp-content\/uploads\/2024\/02\/IMG_0097-768x534.jpeg 768w, https:\/\/helgapollok.de\/wp-content\/uploads\/2024\/02\/IMG_0097.jpeg 1280w\" sizes=\"(max-width: 1024px) 100vw, 1024px\" \/><figcaption class=\"wp-element-caption\">Das Werkzeug<\/figcaption><\/figure>\n<\/figure>\n\n\n\n<p><\/p>\n\n\n\n<figure class=\"wp-block-gallery has-nested-images columns-default is-cropped wp-block-gallery-3 is-layout-flex wp-block-gallery-is-layout-flex\">\n<figure class=\"wp-block-image size-large\"><img loading=\"lazy\" decoding=\"async\" width=\"768\" height=\"1024\" data-id=\"508\" src=\"https:\/\/helgapollok.de\/wp-content\/uploads\/2024\/01\/IMG_7367-768x1024.jpeg\" alt=\"\" class=\"wp-image-508\" srcset=\"https:\/\/helgapollok.de\/wp-content\/uploads\/2024\/01\/IMG_7367-768x1024.jpeg 768w, https:\/\/helgapollok.de\/wp-content\/uploads\/2024\/01\/IMG_7367-225x300.jpeg 225w, https:\/\/helgapollok.de\/wp-content\/uploads\/2024\/01\/IMG_7367-rotated.jpeg 960w\" sizes=\"(max-width: 768px) 100vw, 768px\" \/><\/figure>\n\n\n\n<figure class=\"wp-block-image size-large\"><img loading=\"lazy\" decoding=\"async\" width=\"691\" height=\"1024\" data-id=\"507\" src=\"https:\/\/helgapollok.de\/wp-content\/uploads\/2024\/01\/IMG_7380-691x1024.jpeg\" alt=\"\" class=\"wp-image-507\" srcset=\"https:\/\/helgapollok.de\/wp-content\/uploads\/2024\/01\/IMG_7380-691x1024.jpeg 691w, https:\/\/helgapollok.de\/wp-content\/uploads\/2024\/01\/IMG_7380-203x300.jpeg 203w, https:\/\/helgapollok.de\/wp-content\/uploads\/2024\/01\/IMG_7380-768x1138.jpeg 768w, https:\/\/helgapollok.de\/wp-content\/uploads\/2024\/01\/IMG_7380.jpeg 864w\" sizes=\"(max-width: 691px) 100vw, 691px\" \/><\/figure>\n\n\n\n<figure class=\"wp-block-image size-large\"><img loading=\"lazy\" decoding=\"async\" width=\"1024\" height=\"577\" data-id=\"509\" src=\"https:\/\/helgapollok.de\/wp-content\/uploads\/2024\/01\/IMG_7382-1024x577.jpeg\" alt=\"\" class=\"wp-image-509\" srcset=\"https:\/\/helgapollok.de\/wp-content\/uploads\/2024\/01\/IMG_7382-1024x577.jpeg 1024w, https:\/\/helgapollok.de\/wp-content\/uploads\/2024\/01\/IMG_7382-300x169.jpeg 300w, https:\/\/helgapollok.de\/wp-content\/uploads\/2024\/01\/IMG_7382-768x433.jpeg 768w, https:\/\/helgapollok.de\/wp-content\/uploads\/2024\/01\/IMG_7382.jpeg 1280w\" sizes=\"(max-width: 1024px) 100vw, 1024px\" \/><\/figure>\n\n\n\n<figure class=\"wp-block-image size-full\"><img loading=\"lazy\" decoding=\"async\" width=\"964\" height=\"961\" data-id=\"615\" src=\"https:\/\/helgapollok.de\/wp-content\/uploads\/2024\/02\/IMG_9960.jpeg\" alt=\"\" class=\"wp-image-615\" srcset=\"https:\/\/helgapollok.de\/wp-content\/uploads\/2024\/02\/IMG_9960.jpeg 964w, https:\/\/helgapollok.de\/wp-content\/uploads\/2024\/02\/IMG_9960-300x300.jpeg 300w, https:\/\/helgapollok.de\/wp-content\/uploads\/2024\/02\/IMG_9960-150x150.jpeg 150w, https:\/\/helgapollok.de\/wp-content\/uploads\/2024\/02\/IMG_9960-768x766.jpeg 768w\" sizes=\"(max-width: 964px) 100vw, 964px\" \/><\/figure>\n\n\n\n<figure class=\"wp-block-image size-large\"><img loading=\"lazy\" decoding=\"async\" width=\"1024\" height=\"606\" data-id=\"510\" src=\"https:\/\/helgapollok.de\/wp-content\/uploads\/2024\/01\/IMG_9871-1-1024x606.jpeg\" alt=\"\" class=\"wp-image-510\" srcset=\"https:\/\/helgapollok.de\/wp-content\/uploads\/2024\/01\/IMG_9871-1-1024x606.jpeg 1024w, https:\/\/helgapollok.de\/wp-content\/uploads\/2024\/01\/IMG_9871-1-300x177.jpeg 300w, https:\/\/helgapollok.de\/wp-content\/uploads\/2024\/01\/IMG_9871-1-768x454.jpeg 768w, https:\/\/helgapollok.de\/wp-content\/uploads\/2024\/01\/IMG_9871-1.jpeg 1280w\" sizes=\"(max-width: 1024px) 100vw, 1024px\" \/><\/figure>\n\n\n\n<figure class=\"wp-block-image size-full\"><img loading=\"lazy\" decoding=\"async\" width=\"961\" height=\"1010\" data-id=\"733\" src=\"https:\/\/helgapollok.de\/wp-content\/uploads\/2024\/02\/IMG_0093.jpeg\" alt=\"\" class=\"wp-image-733\" srcset=\"https:\/\/helgapollok.de\/wp-content\/uploads\/2024\/02\/IMG_0093.jpeg 961w, https:\/\/helgapollok.de\/wp-content\/uploads\/2024\/02\/IMG_0093-285x300.jpeg 285w, https:\/\/helgapollok.de\/wp-content\/uploads\/2024\/02\/IMG_0093-768x807.jpeg 768w\" sizes=\"(max-width: 961px) 100vw, 961px\" \/><\/figure>\n<\/figure>\n\n\n\n<p><\/p>\n\n\n\n<figure class=\"wp-block-gallery has-nested-images columns-default is-cropped wp-block-gallery-4 is-layout-flex wp-block-gallery-is-layout-flex\">\n<figure class=\"wp-block-image size-large\"><img loading=\"lazy\" decoding=\"async\" width=\"577\" height=\"1024\" data-id=\"538\" src=\"https:\/\/helgapollok.de\/wp-content\/uploads\/2024\/01\/IMG_9738-577x1024.jpeg\" alt=\"\" class=\"wp-image-538\" srcset=\"https:\/\/helgapollok.de\/wp-content\/uploads\/2024\/01\/IMG_9738-577x1024.jpeg 577w, https:\/\/helgapollok.de\/wp-content\/uploads\/2024\/01\/IMG_9738-169x300.jpeg 169w, https:\/\/helgapollok.de\/wp-content\/uploads\/2024\/01\/IMG_9738.jpeg 721w\" sizes=\"(max-width: 577px) 100vw, 577px\" \/><\/figure>\n\n\n\n<figure class=\"wp-block-image size-large\"><img loading=\"lazy\" decoding=\"async\" width=\"1024\" height=\"770\" data-id=\"539\" src=\"https:\/\/helgapollok.de\/wp-content\/uploads\/2024\/01\/IMG_9739-1024x770.jpeg\" alt=\"\" class=\"wp-image-539\" srcset=\"https:\/\/helgapollok.de\/wp-content\/uploads\/2024\/01\/IMG_9739-1024x770.jpeg 1024w, https:\/\/helgapollok.de\/wp-content\/uploads\/2024\/01\/IMG_9739-300x226.jpeg 300w, https:\/\/helgapollok.de\/wp-content\/uploads\/2024\/01\/IMG_9739-768x578.jpeg 768w, https:\/\/helgapollok.de\/wp-content\/uploads\/2024\/01\/IMG_9739.jpeg 1278w\" sizes=\"(max-width: 1024px) 100vw, 1024px\" \/><\/figure>\n\n\n\n<figure class=\"wp-block-image size-large\"><img loading=\"lazy\" decoding=\"async\" width=\"486\" height=\"1024\" data-id=\"734\" src=\"https:\/\/helgapollok.de\/wp-content\/uploads\/2024\/02\/IMG_0094-486x1024.jpeg\" alt=\"\" class=\"wp-image-734\" srcset=\"https:\/\/helgapollok.de\/wp-content\/uploads\/2024\/02\/IMG_0094-486x1024.jpeg 486w, https:\/\/helgapollok.de\/wp-content\/uploads\/2024\/02\/IMG_0094-142x300.jpeg 142w, https:\/\/helgapollok.de\/wp-content\/uploads\/2024\/02\/IMG_0094.jpeg 607w\" sizes=\"(max-width: 486px) 100vw, 486px\" \/><\/figure>\n<\/figure>\n","protected":false},"excerpt":{"rendered":"<p>Wohin mit all den Skizzen und kleinen Aquarellen, die sich im Laufe der Zeit ansammelten und eigentlich zu schade sind, in einer Schublade zu lagern? Diese Frage brachte mich dazu, B\u00fccher und Alben selbst zu binden. Der Gestaltung der Einb\u00e4nde sind keine Grenzen gesetzt. Und&nbsp;&hellip;<\/p>\n","protected":false},"author":1,"featured_media":0,"parent":0,"menu_order":0,"comment_status":"closed","ping_status":"closed","template":"","meta":{"footnotes":""},"yoast_head":"<!-- This site is optimized with the Yoast SEO plugin v23.5 - https:\/\/yoast.com\/wordpress\/plugins\/seo\/ -->\n<title>Buchbinden - Atelier Helga Pollok<\/title>\n<meta name=\"robots\" content=\"index, follow, max-snippet:-1, max-image-preview:large, max-video-preview:-1\" \/>\n<link rel=\"canonical\" href=\"https:\/\/helgapollok.de\/?page_id=213\" \/>\n<meta property=\"og:locale\" content=\"de_DE\" \/>\n<meta property=\"og:type\" content=\"article\" \/>\n<meta property=\"og:title\" content=\"Buchbinden - Atelier Helga Pollok\" \/>\n<meta property=\"og:description\" content=\"Wohin mit all den Skizzen und kleinen Aquarellen, die sich im Laufe der Zeit ansammelten und eigentlich zu schade sind, in einer Schublade zu lagern? Diese Frage brachte mich dazu, B\u00fccher und Alben selbst zu binden. Der Gestaltung der Einb\u00e4nde sind keine Grenzen gesetzt. Und&nbsp;&hellip;\" \/>\n<meta property=\"og:url\" content=\"https:\/\/helgapollok.de\/?page_id=213\" \/>\n<meta property=\"og:site_name\" content=\"Atelier Helga Pollok\" \/>\n<meta property=\"article:modified_time\" content=\"2024-02-15T11:08:47+00:00\" \/>\n<meta property=\"og:image\" content=\"https:\/\/helgapollok.de\/wp-content\/uploads\/2024\/01\/IMG_9870-1.jpeg\" \/>\n<meta name=\"twitter:card\" content=\"summary_large_image\" \/>\n<meta name=\"twitter:label1\" content=\"Gesch\u00e4tzte Lesezeit\" \/>\n\t<meta name=\"twitter:data1\" content=\"1 Minute\" \/>\n<script type=\"application\/ld+json\" class=\"yoast-schema-graph\">{\"@context\":\"https:\/\/schema.org\",\"@graph\":[{\"@type\":\"WebPage\",\"@id\":\"https:\/\/helgapollok.de\/?page_id=213\",\"url\":\"https:\/\/helgapollok.de\/?page_id=213\",\"name\":\"Buchbinden - Atelier Helga Pollok\",\"isPartOf\":{\"@id\":\"https:\/\/helgapollok.de\/#website\"},\"primaryImageOfPage\":{\"@id\":\"https:\/\/helgapollok.de\/?page_id=213#primaryimage\"},\"image\":{\"@id\":\"https:\/\/helgapollok.de\/?page_id=213#primaryimage\"},\"thumbnailUrl\":\"https:\/\/helgapollok.de\/wp-content\/uploads\/2024\/01\/IMG_9870-1.jpeg\",\"datePublished\":\"2024-01-26T13:31:45+00:00\",\"dateModified\":\"2024-02-15T11:08:47+00:00\",\"breadcrumb\":{\"@id\":\"https:\/\/helgapollok.de\/?page_id=213#breadcrumb\"},\"inLanguage\":\"de-DE\",\"potentialAction\":[{\"@type\":\"ReadAction\",\"target\":[\"https:\/\/helgapollok.de\/?page_id=213\"]}]},{\"@type\":\"ImageObject\",\"inLanguage\":\"de-DE\",\"@id\":\"https:\/\/helgapollok.de\/?page_id=213#primaryimage\",\"url\":\"https:\/\/helgapollok.de\/wp-content\/uploads\/2024\/01\/IMG_9870-1.jpeg\",\"contentUrl\":\"https:\/\/helgapollok.de\/wp-content\/uploads\/2024\/01\/IMG_9870-1.jpeg\",\"width\":1015,\"height\":961},{\"@type\":\"BreadcrumbList\",\"@id\":\"https:\/\/helgapollok.de\/?page_id=213#breadcrumb\",\"itemListElement\":[{\"@type\":\"ListItem\",\"position\":1,\"name\":\"Startseite\",\"item\":\"https:\/\/helgapollok.de\/\"},{\"@type\":\"ListItem\",\"position\":2,\"name\":\"Buchbinden\"}]},{\"@type\":\"WebSite\",\"@id\":\"https:\/\/helgapollok.de\/#website\",\"url\":\"https:\/\/helgapollok.de\/\",\"name\":\"Atelier Helga Pollok\",\"description\":\"\",\"potentialAction\":[{\"@type\":\"SearchAction\",\"target\":{\"@type\":\"EntryPoint\",\"urlTemplate\":\"https:\/\/helgapollok.de\/?s={search_term_string}\"},\"query-input\":{\"@type\":\"PropertyValueSpecification\",\"valueRequired\":true,\"valueName\":\"search_term_string\"}}],\"inLanguage\":\"de-DE\"}]}<\/script>\n<!-- \/ Yoast SEO plugin. -->","yoast_head_json":{"title":"Buchbinden - Atelier Helga Pollok","robots":{"index":"index","follow":"follow","max-snippet":"max-snippet:-1","max-image-preview":"max-image-preview:large","max-video-preview":"max-video-preview:-1"},"canonical":"https:\/\/helgapollok.de\/?page_id=213","og_locale":"de_DE","og_type":"article","og_title":"Buchbinden - Atelier Helga Pollok","og_description":"Wohin mit all den Skizzen und kleinen Aquarellen, die sich im Laufe der Zeit ansammelten und eigentlich zu schade sind, in einer Schublade zu lagern? Diese Frage brachte mich dazu, B\u00fccher und Alben selbst zu binden. Der Gestaltung der Einb\u00e4nde sind keine Grenzen gesetzt. Und&nbsp;&hellip;","og_url":"https:\/\/helgapollok.de\/?page_id=213","og_site_name":"Atelier Helga Pollok","article_modified_time":"2024-02-15T11:08:47+00:00","og_image":[{"url":"https:\/\/helgapollok.de\/wp-content\/uploads\/2024\/01\/IMG_9870-1.jpeg"}],"twitter_card":"summary_large_image","twitter_misc":{"Gesch\u00e4tzte Lesezeit":"1 Minute"},"schema":{"@context":"https:\/\/schema.org","@graph":[{"@type":"WebPage","@id":"https:\/\/helgapollok.de\/?page_id=213","url":"https:\/\/helgapollok.de\/?page_id=213","name":"Buchbinden - Atelier Helga Pollok","isPartOf":{"@id":"https:\/\/helgapollok.de\/#website"},"primaryImageOfPage":{"@id":"https:\/\/helgapollok.de\/?page_id=213#primaryimage"},"image":{"@id":"https:\/\/helgapollok.de\/?page_id=213#primaryimage"},"thumbnailUrl":"https:\/\/helgapollok.de\/wp-content\/uploads\/2024\/01\/IMG_9870-1.jpeg","datePublished":"2024-01-26T13:31:45+00:00","dateModified":"2024-02-15T11:08:47+00:00","breadcrumb":{"@id":"https:\/\/helgapollok.de\/?page_id=213#breadcrumb"},"inLanguage":"de-DE","potentialAction":[{"@type":"ReadAction","target":["https:\/\/helgapollok.de\/?page_id=213"]}]},{"@type":"ImageObject","inLanguage":"de-DE","@id":"https:\/\/helgapollok.de\/?page_id=213#primaryimage","url":"https:\/\/helgapollok.de\/wp-content\/uploads\/2024\/01\/IMG_9870-1.jpeg","contentUrl":"https:\/\/helgapollok.de\/wp-content\/uploads\/2024\/01\/IMG_9870-1.jpeg","width":1015,"height":961},{"@type":"BreadcrumbList","@id":"https:\/\/helgapollok.de\/?page_id=213#breadcrumb","itemListElement":[{"@type":"ListItem","position":1,"name":"Startseite","item":"https:\/\/helgapollok.de\/"},{"@type":"ListItem","position":2,"name":"Buchbinden"}]},{"@type":"WebSite","@id":"https:\/\/helgapollok.de\/#website","url":"https:\/\/helgapollok.de\/","name":"Atelier Helga Pollok","description":"","potentialAction":[{"@type":"SearchAction","target":{"@type":"EntryPoint","urlTemplate":"https:\/\/helgapollok.de\/?s={search_term_string}"},"query-input":{"@type":"PropertyValueSpecification","valueRequired":true,"valueName":"search_term_string"}}],"inLanguage":"de-DE"}]}},"_links":{"self":[{"href":"https:\/\/helgapollok.de\/index.php?rest_route=\/wp\/v2\/pages\/213"}],"collection":[{"href":"https:\/\/helgapollok.de\/index.php?rest_route=\/wp\/v2\/pages"}],"about":[{"href":"https:\/\/helgapollok.de\/index.php?rest_route=\/wp\/v2\/types\/page"}],"author":[{"embeddable":true,"href":"https:\/\/helgapollok.de\/index.php?rest_route=\/wp\/v2\/users\/1"}],"replies":[{"embeddable":true,"href":"https:\/\/helgapollok.de\/index.php?rest_route=%2Fwp%2Fv2%2Fcomments&post=213"}],"version-history":[{"count":32,"href":"https:\/\/helgapollok.de\/index.php?rest_route=\/wp\/v2\/pages\/213\/revisions"}],"predecessor-version":[{"id":756,"href":"https:\/\/helgapollok.de\/index.php?rest_route=\/wp\/v2\/pages\/213\/revisions\/756"}],"wp:attachment":[{"href":"https:\/\/helgapollok.de\/index.php?rest_route=%2Fwp%2Fv2%2Fmedia&parent=213"}],"curies":[{"name":"wp","href":"https:\/\/api.w.org\/{rel}","templated":true}]}}