{"id":37,"date":"2024-01-24T11:51:05","date_gmt":"2024-01-24T11:51:05","guid":{"rendered":"https:\/\/helgapollok.de\/?page_id=37"},"modified":"2025-11-04T18:46:04","modified_gmt":"2025-11-04T18:46:04","slug":"herzlich-willkommen","status":"publish","type":"page","link":"https:\/\/helgapollok.de\/","title":{"rendered":"Herzlich willkommen!"},"content":{"rendered":"\n<p><\/p>\n\n\n\n<p class=\"has-medium-font-size\">Mein Atelier ist ein ein Ort, wo Inklusion gelebt wird. <br>Als freischaffende bildende K\u00fcnstlerin leite ich Workshops f\u00fcr die Vereinsmitglieder der <a href=\"http:\/\/Werkgruppe-posthorn.org\">Werkgruppe Posthorn e.V.<\/a> in meinem lichtdurchfluteten Atelier in Langenfeld im Rheinland. <br>Die unterschiedlichen Themen werden von mir erarbeitet und von den Teilnehmenden mit Spannung erwartet. Es erf\u00fcllt mich mit gro\u00dfer Freude, dass die K\u00fcnstler, g\u00e4nzlich vertieft in ihre Arbeiten, Zeit und Raum vergessen und gegenseitige Best\u00e4tigung f\u00fcr ihre Werke finden.<br> <br>Es bleibt aber auch Zeit f\u00fcr meine eigenen Werke mit unterschiedlichen Techniken, die in 5 Jahrzehnten entstanden sind und hinter den Themenfenstern <b>Malen &#8211; Design &#8211; Historische Werkunst<\/b> mit einem Klick vorgestellt werden. Neue Arbeiten mit den Schwerpunkten Holzschnitt und Letterpress sind im Entstehungsprozess in meiner Druckwerkstatt, die ich mit vielen antiken Holzlettern, Bleischriften, Setzermaterial, Pressen und Werkzeugen erweitert habe. <br><br>F\u00fcr Nachfragen zur Teilnahme an o.g. Workshops k\u00f6nnen Sie mich unter meiner  Email <a href=\"mailto:info@helgapollok.de\">info@helgapollok.de<\/a> erreichen. <\/p>\n\n\n\n<p class=\"has-white-color has-white-background-color has-text-color has-background has-link-color wp-elements-f3af10659a18cfd88d4a54e34f264cca\"><\/p>\n\n\n\n<p class=\"has-white-color has-white-background-color has-text-color has-background has-link-color wp-elements-a0c5b7ace9a4d7f662474a7d07b57d9a\">mm<\/p>\n\n\n\n<p class=\"has-white-color has-text-color has-link-color has-large-font-size wp-elements-38d4b8d730ebaa79cbf636424e272b34\"><\/p>\n\n\n\n<p class=\"has-text-color has-background has-link-color has-medium-font-size wp-elements-7894b1885225d9a908ddcde13bdd9103\" style=\"color:#238a2b;background-color:#fcdf005e;font-style:normal;font-weight:600\"><\/p>\n\n\n\n<figure class=\"wp-block-gallery has-nested-images columns-default is-cropped wp-block-gallery-1 is-layout-flex wp-block-gallery-is-layout-flex\">\n<figure class=\"wp-block-image size-large\"><a href=\"https:\/\/www.instagram.com\/atelier_helga_pollok\/\"><img loading=\"lazy\" decoding=\"async\" width=\"1024\" height=\"1024\" data-id=\"576\" src=\"https:\/\/helgapollok.de\/wp-content\/uploads\/2024\/01\/Instagram_icon-1024x1024.png\" alt=\"\" class=\"wp-image-576\" srcset=\"https:\/\/helgapollok.de\/wp-content\/uploads\/2024\/01\/Instagram_icon-1024x1024.png 1024w, https:\/\/helgapollok.de\/wp-content\/uploads\/2024\/01\/Instagram_icon-300x300.png 300w, https:\/\/helgapollok.de\/wp-content\/uploads\/2024\/01\/Instagram_icon-150x150.png 150w, https:\/\/helgapollok.de\/wp-content\/uploads\/2024\/01\/Instagram_icon-768x768.png 768w, https:\/\/helgapollok.de\/wp-content\/uploads\/2024\/01\/Instagram_icon.png 1200w\" sizes=\"(max-width: 1024px) 100vw, 1024px\" \/><\/a><figcaption class=\"wp-element-caption\">Mein Instagramaccount<\/figcaption><\/figure>\n\n\n\n<figure class=\"wp-block-image size-large\"><img loading=\"lazy\" decoding=\"async\" width=\"635\" height=\"636\" data-id=\"872\" src=\"https:\/\/helgapollok.de\/wp-content\/uploads\/2024\/10\/IMG_1726-1.jpg\" alt=\"\" class=\"wp-image-872\" srcset=\"https:\/\/helgapollok.de\/wp-content\/uploads\/2024\/10\/IMG_1726-1.jpg 635w, https:\/\/helgapollok.de\/wp-content\/uploads\/2024\/10\/IMG_1726-1-300x300.jpg 300w, https:\/\/helgapollok.de\/wp-content\/uploads\/2024\/10\/IMG_1726-1-150x150.jpg 150w\" sizes=\"(max-width: 635px) 100vw, 635px\" \/><figcaption class=\"wp-element-caption\">QR-Code zum InstagramAccount<\/figcaption><\/figure>\n\n\n\n<figure class=\"wp-block-image size-full\"><a href=\"https:\/\/werkgruppe-posthorn.org\"><img loading=\"lazy\" decoding=\"async\" width=\"738\" height=\"709\" data-id=\"49\" src=\"https:\/\/helgapollok.de\/wp-content\/uploads\/2024\/01\/Bildschirmfoto-2024-01-24-um-14.36.40.jpeg\" alt=\"\" class=\"wp-image-49\" srcset=\"https:\/\/helgapollok.de\/wp-content\/uploads\/2024\/01\/Bildschirmfoto-2024-01-24-um-14.36.40.jpeg 738w, https:\/\/helgapollok.de\/wp-content\/uploads\/2024\/01\/Bildschirmfoto-2024-01-24-um-14.36.40-300x288.jpeg 300w\" sizes=\"(max-width: 738px) 100vw, 738px\" \/><\/a><figcaption class=\"wp-element-caption\">Werkgruppe Posthorn e.V.<\/figcaption><\/figure>\n<\/figure>\n","protected":false},"excerpt":{"rendered":"<p>Mein Atelier ist ein ein Ort, wo Inklusion gelebt wird. Als freischaffende bildende K\u00fcnstlerin leite ich Workshops f\u00fcr die Vereinsmitglieder der Werkgruppe Posthorn e.V. in meinem lichtdurchfluteten Atelier in Langenfeld im Rheinland. Die unterschiedlichen Themen werden von mir erarbeitet und von den Teilnehmenden mit Spannung&nbsp;&hellip;<\/p>\n","protected":false},"author":1,"featured_media":0,"parent":0,"menu_order":0,"comment_status":"closed","ping_status":"closed","template":"","meta":{"footnotes":""},"yoast_head":"<!-- This site is optimized with the Yoast SEO plugin v23.5 - https:\/\/yoast.com\/wordpress\/plugins\/seo\/ -->\n<title>Herzlich willkommen! - Atelier Helga Pollok<\/title>\n<meta name=\"description\" content=\"Malkurs, Kunst, Unterricht, Workshop, Kunstkurs, Acryl, \u00d6lmalerei, Aquarell, Buchbinden, Holzschnitt, Drucken, Malen, lernen, Zeichnen, Langenfeld, Rheinland\" \/>\n<meta name=\"robots\" content=\"index, follow, max-snippet:-1, max-image-preview:large, max-video-preview:-1\" \/>\n<link rel=\"canonical\" href=\"https:\/\/helgapollok.de\/\" \/>\n<meta property=\"og:locale\" content=\"de_DE\" \/>\n<meta property=\"og:type\" content=\"article\" \/>\n<meta property=\"og:title\" content=\"Herzlich willkommen! - Atelier Helga Pollok\" \/>\n<meta property=\"og:description\" content=\"Malkurs, Kunst, Unterricht, Workshop, Kunstkurs, Acryl, \u00d6lmalerei, Aquarell, Buchbinden, Holzschnitt, Drucken, Malen, lernen, Zeichnen, Langenfeld, Rheinland\" \/>\n<meta property=\"og:url\" content=\"https:\/\/helgapollok.de\/\" \/>\n<meta property=\"og:site_name\" content=\"Atelier Helga Pollok\" \/>\n<meta property=\"article:modified_time\" content=\"2025-11-04T18:46:04+00:00\" \/>\n<meta property=\"og:image\" content=\"https:\/\/helgapollok.de\/wp-content\/uploads\/2024\/01\/Instagram_icon-1024x1024.png\" \/>\n<meta name=\"twitter:card\" content=\"summary_large_image\" \/>\n<meta name=\"twitter:label1\" content=\"Gesch\u00e4tzte Lesezeit\" \/>\n\t<meta name=\"twitter:data1\" content=\"2 Minuten\" \/>\n<script type=\"application\/ld+json\" class=\"yoast-schema-graph\">{\"@context\":\"https:\/\/schema.org\",\"@graph\":[{\"@type\":\"WebPage\",\"@id\":\"https:\/\/helgapollok.de\/\",\"url\":\"https:\/\/helgapollok.de\/\",\"name\":\"Herzlich willkommen! - Atelier Helga Pollok\",\"isPartOf\":{\"@id\":\"https:\/\/helgapollok.de\/#website\"},\"primaryImageOfPage\":{\"@id\":\"https:\/\/helgapollok.de\/#primaryimage\"},\"image\":{\"@id\":\"https:\/\/helgapollok.de\/#primaryimage\"},\"thumbnailUrl\":\"https:\/\/helgapollok.de\/wp-content\/uploads\/2024\/01\/Instagram_icon-1024x1024.png\",\"datePublished\":\"2024-01-24T11:51:05+00:00\",\"dateModified\":\"2025-11-04T18:46:04+00:00\",\"description\":\"Malkurs, Kunst, Unterricht, Workshop, Kunstkurs, Acryl, \u00d6lmalerei, Aquarell, Buchbinden, Holzschnitt, Drucken, Malen, lernen, Zeichnen, Langenfeld, Rheinland\",\"breadcrumb\":{\"@id\":\"https:\/\/helgapollok.de\/#breadcrumb\"},\"inLanguage\":\"de-DE\",\"potentialAction\":[{\"@type\":\"ReadAction\",\"target\":[\"https:\/\/helgapollok.de\/\"]}]},{\"@type\":\"ImageObject\",\"inLanguage\":\"de-DE\",\"@id\":\"https:\/\/helgapollok.de\/#primaryimage\",\"url\":\"https:\/\/helgapollok.de\/wp-content\/uploads\/2024\/01\/Instagram_icon.png\",\"contentUrl\":\"https:\/\/helgapollok.de\/wp-content\/uploads\/2024\/01\/Instagram_icon.png\",\"width\":1200,\"height\":1200,\"caption\":\"Mein Instagramaccount\"},{\"@type\":\"BreadcrumbList\",\"@id\":\"https:\/\/helgapollok.de\/#breadcrumb\",\"itemListElement\":[{\"@type\":\"ListItem\",\"position\":1,\"name\":\"Startseite\",\"item\":\"https:\/\/helgapollok.de\/\"},{\"@type\":\"ListItem\",\"position\":2,\"name\":\"Herzlich willkommen!\"}]},{\"@type\":\"WebSite\",\"@id\":\"https:\/\/helgapollok.de\/#website\",\"url\":\"https:\/\/helgapollok.de\/\",\"name\":\"Atelier Helga Pollok\",\"description\":\"\",\"potentialAction\":[{\"@type\":\"SearchAction\",\"target\":{\"@type\":\"EntryPoint\",\"urlTemplate\":\"https:\/\/helgapollok.de\/?s={search_term_string}\"},\"query-input\":{\"@type\":\"PropertyValueSpecification\",\"valueRequired\":true,\"valueName\":\"search_term_string\"}}],\"inLanguage\":\"de-DE\"}]}<\/script>\n<!-- \/ Yoast SEO plugin. -->","yoast_head_json":{"title":"Herzlich willkommen! - Atelier Helga Pollok","description":"Malkurs, Kunst, Unterricht, Workshop, Kunstkurs, Acryl, \u00d6lmalerei, Aquarell, Buchbinden, Holzschnitt, Drucken, Malen, lernen, Zeichnen, Langenfeld, Rheinland","robots":{"index":"index","follow":"follow","max-snippet":"max-snippet:-1","max-image-preview":"max-image-preview:large","max-video-preview":"max-video-preview:-1"},"canonical":"https:\/\/helgapollok.de\/","og_locale":"de_DE","og_type":"article","og_title":"Herzlich willkommen! - Atelier Helga Pollok","og_description":"Malkurs, Kunst, Unterricht, Workshop, Kunstkurs, Acryl, \u00d6lmalerei, Aquarell, Buchbinden, Holzschnitt, Drucken, Malen, lernen, Zeichnen, Langenfeld, Rheinland","og_url":"https:\/\/helgapollok.de\/","og_site_name":"Atelier Helga Pollok","article_modified_time":"2025-11-04T18:46:04+00:00","og_image":[{"url":"https:\/\/helgapollok.de\/wp-content\/uploads\/2024\/01\/Instagram_icon-1024x1024.png"}],"twitter_card":"summary_large_image","twitter_misc":{"Gesch\u00e4tzte Lesezeit":"2 Minuten"},"schema":{"@context":"https:\/\/schema.org","@graph":[{"@type":"WebPage","@id":"https:\/\/helgapollok.de\/","url":"https:\/\/helgapollok.de\/","name":"Herzlich willkommen! - Atelier Helga Pollok","isPartOf":{"@id":"https:\/\/helgapollok.de\/#website"},"primaryImageOfPage":{"@id":"https:\/\/helgapollok.de\/#primaryimage"},"image":{"@id":"https:\/\/helgapollok.de\/#primaryimage"},"thumbnailUrl":"https:\/\/helgapollok.de\/wp-content\/uploads\/2024\/01\/Instagram_icon-1024x1024.png","datePublished":"2024-01-24T11:51:05+00:00","dateModified":"2025-11-04T18:46:04+00:00","description":"Malkurs, Kunst, Unterricht, Workshop, Kunstkurs, Acryl, \u00d6lmalerei, Aquarell, Buchbinden, Holzschnitt, Drucken, Malen, lernen, Zeichnen, Langenfeld, Rheinland","breadcrumb":{"@id":"https:\/\/helgapollok.de\/#breadcrumb"},"inLanguage":"de-DE","potentialAction":[{"@type":"ReadAction","target":["https:\/\/helgapollok.de\/"]}]},{"@type":"ImageObject","inLanguage":"de-DE","@id":"https:\/\/helgapollok.de\/#primaryimage","url":"https:\/\/helgapollok.de\/wp-content\/uploads\/2024\/01\/Instagram_icon.png","contentUrl":"https:\/\/helgapollok.de\/wp-content\/uploads\/2024\/01\/Instagram_icon.png","width":1200,"height":1200,"caption":"Mein Instagramaccount"},{"@type":"BreadcrumbList","@id":"https:\/\/helgapollok.de\/#breadcrumb","itemListElement":[{"@type":"ListItem","position":1,"name":"Startseite","item":"https:\/\/helgapollok.de\/"},{"@type":"ListItem","position":2,"name":"Herzlich willkommen!"}]},{"@type":"WebSite","@id":"https:\/\/helgapollok.de\/#website","url":"https:\/\/helgapollok.de\/","name":"Atelier Helga Pollok","description":"","potentialAction":[{"@type":"SearchAction","target":{"@type":"EntryPoint","urlTemplate":"https:\/\/helgapollok.de\/?s={search_term_string}"},"query-input":{"@type":"PropertyValueSpecification","valueRequired":true,"valueName":"search_term_string"}}],"inLanguage":"de-DE"}]}},"_links":{"self":[{"href":"https:\/\/helgapollok.de\/index.php?rest_route=\/wp\/v2\/pages\/37"}],"collection":[{"href":"https:\/\/helgapollok.de\/index.php?rest_route=\/wp\/v2\/pages"}],"about":[{"href":"https:\/\/helgapollok.de\/index.php?rest_route=\/wp\/v2\/types\/page"}],"author":[{"embeddable":true,"href":"https:\/\/helgapollok.de\/index.php?rest_route=\/wp\/v2\/users\/1"}],"replies":[{"embeddable":true,"href":"https:\/\/helgapollok.de\/index.php?rest_route=%2Fwp%2Fv2%2Fcomments&post=37"}],"version-history":[{"count":66,"href":"https:\/\/helgapollok.de\/index.php?rest_route=\/wp\/v2\/pages\/37\/revisions"}],"predecessor-version":[{"id":1044,"href":"https:\/\/helgapollok.de\/index.php?rest_route=\/wp\/v2\/pages\/37\/revisions\/1044"}],"wp:attachment":[{"href":"https:\/\/helgapollok.de\/index.php?rest_route=%2Fwp%2Fv2%2Fmedia&parent=37"}],"curies":[{"name":"wp","href":"https:\/\/api.w.org\/{rel}","templated":true}]}}