{"id":67,"date":"2024-01-24T14:19:11","date_gmt":"2024-01-24T14:19:11","guid":{"rendered":"https:\/\/helgapollok.de\/?page_id=67"},"modified":"2024-01-24T14:19:12","modified_gmt":"2024-01-24T14:19:12","slug":"impressum","status":"publish","type":"page","link":"https:\/\/helgapollok.de\/?page_id=67","title":{"rendered":"Impressum"},"content":{"rendered":"\n<p>Verantwortlich f\u00fcr diese Seite:<\/p>\n\n\n\n<p>Helga Pollok<br>Freischaffende K\u00fcnstlerin<br>Gr\u00fcnstr. 17<br>40764 Langenfeld<br><\/p>\n\n\n\n<p><a href=\"mailto:info@helgapollok.de\">info@helgapollok.de<\/a><\/p>\n","protected":false},"excerpt":{"rendered":"<p>Verantwortlich f\u00fcr diese Seite: Helga PollokFreischaffende K\u00fcnstlerinGr\u00fcnstr. 1740764 Langenfeld info@helgapollok.de<\/p>\n","protected":false},"author":1,"featured_media":0,"parent":0,"menu_order":0,"comment_status":"closed","ping_status":"closed","template":"","meta":{"footnotes":""},"yoast_head":"<!-- This site is optimized with the Yoast SEO plugin v23.5 - https:\/\/yoast.com\/wordpress\/plugins\/seo\/ -->\n<title>Impressum - Atelier Helga Pollok<\/title>\n<meta name=\"robots\" content=\"index, follow, max-snippet:-1, max-image-preview:large, max-video-preview:-1\" \/>\n<link rel=\"canonical\" href=\"https:\/\/helgapollok.de\/?page_id=67\" \/>\n<meta property=\"og:locale\" content=\"de_DE\" \/>\n<meta property=\"og:type\" content=\"article\" \/>\n<meta property=\"og:title\" content=\"Impressum - Atelier Helga Pollok\" \/>\n<meta property=\"og:description\" content=\"Verantwortlich f\u00fcr diese Seite: Helga PollokFreischaffende K\u00fcnstlerinGr\u00fcnstr. 1740764 Langenfeld info@helgapollok.de\" \/>\n<meta property=\"og:url\" content=\"https:\/\/helgapollok.de\/?page_id=67\" \/>\n<meta property=\"og:site_name\" content=\"Atelier Helga Pollok\" \/>\n<meta property=\"article:modified_time\" content=\"2024-01-24T14:19:12+00:00\" \/>\n<meta name=\"twitter:card\" content=\"summary_large_image\" \/>\n<script type=\"application\/ld+json\" class=\"yoast-schema-graph\">{\"@context\":\"https:\/\/schema.org\",\"@graph\":[{\"@type\":\"WebPage\",\"@id\":\"https:\/\/helgapollok.de\/?page_id=67\",\"url\":\"https:\/\/helgapollok.de\/?page_id=67\",\"name\":\"Impressum - Atelier Helga Pollok\",\"isPartOf\":{\"@id\":\"https:\/\/helgapollok.de\/#website\"},\"datePublished\":\"2024-01-24T14:19:11+00:00\",\"dateModified\":\"2024-01-24T14:19:12+00:00\",\"breadcrumb\":{\"@id\":\"https:\/\/helgapollok.de\/?page_id=67#breadcrumb\"},\"inLanguage\":\"de-DE\",\"potentialAction\":[{\"@type\":\"ReadAction\",\"target\":[\"https:\/\/helgapollok.de\/?page_id=67\"]}]},{\"@type\":\"BreadcrumbList\",\"@id\":\"https:\/\/helgapollok.de\/?page_id=67#breadcrumb\",\"itemListElement\":[{\"@type\":\"ListItem\",\"position\":1,\"name\":\"Startseite\",\"item\":\"https:\/\/helgapollok.de\/\"},{\"@type\":\"ListItem\",\"position\":2,\"name\":\"Impressum\"}]},{\"@type\":\"WebSite\",\"@id\":\"https:\/\/helgapollok.de\/#website\",\"url\":\"https:\/\/helgapollok.de\/\",\"name\":\"Atelier Helga Pollok\",\"description\":\"\",\"potentialAction\":[{\"@type\":\"SearchAction\",\"target\":{\"@type\":\"EntryPoint\",\"urlTemplate\":\"https:\/\/helgapollok.de\/?s={search_term_string}\"},\"query-input\":{\"@type\":\"PropertyValueSpecification\",\"valueRequired\":true,\"valueName\":\"search_term_string\"}}],\"inLanguage\":\"de-DE\"}]}<\/script>\n<!-- \/ Yoast SEO plugin. -->","yoast_head_json":{"title":"Impressum - Atelier Helga Pollok","robots":{"index":"index","follow":"follow","max-snippet":"max-snippet:-1","max-image-preview":"max-image-preview:large","max-video-preview":"max-video-preview:-1"},"canonical":"https:\/\/helgapollok.de\/?page_id=67","og_locale":"de_DE","og_type":"article","og_title":"Impressum - Atelier Helga Pollok","og_description":"Verantwortlich f\u00fcr diese Seite: Helga PollokFreischaffende K\u00fcnstlerinGr\u00fcnstr. 1740764 Langenfeld info@helgapollok.de","og_url":"https:\/\/helgapollok.de\/?page_id=67","og_site_name":"Atelier Helga Pollok","article_modified_time":"2024-01-24T14:19:12+00:00","twitter_card":"summary_large_image","schema":{"@context":"https:\/\/schema.org","@graph":[{"@type":"WebPage","@id":"https:\/\/helgapollok.de\/?page_id=67","url":"https:\/\/helgapollok.de\/?page_id=67","name":"Impressum - Atelier Helga Pollok","isPartOf":{"@id":"https:\/\/helgapollok.de\/#website"},"datePublished":"2024-01-24T14:19:11+00:00","dateModified":"2024-01-24T14:19:12+00:00","breadcrumb":{"@id":"https:\/\/helgapollok.de\/?page_id=67#breadcrumb"},"inLanguage":"de-DE","potentialAction":[{"@type":"ReadAction","target":["https:\/\/helgapollok.de\/?page_id=67"]}]},{"@type":"BreadcrumbList","@id":"https:\/\/helgapollok.de\/?page_id=67#breadcrumb","itemListElement":[{"@type":"ListItem","position":1,"name":"Startseite","item":"https:\/\/helgapollok.de\/"},{"@type":"ListItem","position":2,"name":"Impressum"}]},{"@type":"WebSite","@id":"https:\/\/helgapollok.de\/#website","url":"https:\/\/helgapollok.de\/","name":"Atelier Helga Pollok","description":"","potentialAction":[{"@type":"SearchAction","target":{"@type":"EntryPoint","urlTemplate":"https:\/\/helgapollok.de\/?s={search_term_string}"},"query-input":{"@type":"PropertyValueSpecification","valueRequired":true,"valueName":"search_term_string"}}],"inLanguage":"de-DE"}]}},"_links":{"self":[{"href":"https:\/\/helgapollok.de\/index.php?rest_route=\/wp\/v2\/pages\/67"}],"collection":[{"href":"https:\/\/helgapollok.de\/index.php?rest_route=\/wp\/v2\/pages"}],"about":[{"href":"https:\/\/helgapollok.de\/index.php?rest_route=\/wp\/v2\/types\/page"}],"author":[{"embeddable":true,"href":"https:\/\/helgapollok.de\/index.php?rest_route=\/wp\/v2\/users\/1"}],"replies":[{"embeddable":true,"href":"https:\/\/helgapollok.de\/index.php?rest_route=%2Fwp%2Fv2%2Fcomments&post=67"}],"version-history":[{"count":1,"href":"https:\/\/helgapollok.de\/index.php?rest_route=\/wp\/v2\/pages\/67\/revisions"}],"predecessor-version":[{"id":68,"href":"https:\/\/helgapollok.de\/index.php?rest_route=\/wp\/v2\/pages\/67\/revisions\/68"}],"wp:attachment":[{"href":"https:\/\/helgapollok.de\/index.php?rest_route=%2Fwp%2Fv2%2Fmedia&parent=67"}],"curies":[{"name":"wp","href":"https:\/\/api.w.org\/{rel}","templated":true}]}}