{"id":72,"date":"2024-01-24T19:35:20","date_gmt":"2024-01-24T19:35:20","guid":{"rendered":"https:\/\/helgapollok.de\/?page_id=72"},"modified":"2024-01-26T13:23:05","modified_gmt":"2024-01-26T13:23:05","slug":"oelmalerei","status":"publish","type":"page","link":"https:\/\/helgapollok.de\/?page_id=72","title":{"rendered":"\u00d6lmalerei"},"content":{"rendered":"\n<p>Mit der \u00d6lmalerei wurde ich als Jugendliche durch meinen Gro\u00dfvater vertraut gemacht. Sp\u00e4ter im Studium betrat ich den Olymp dieser Malkunst &#8211; ich durfte die altfl\u00e4mische Lasurtechnik in den Niederlanden erlernen. Mit feinsten \u00d6lfarben wird jeweils in d\u00fcnnen Schichten die Farbe mit den besten Pinseln aufgetragen, so dass einerseits Tiefe aber auch Transparenz entsteht. Durch die jeweiligen langen Trocknungszeiten zwischen den einzelnen Schritten, kann es bis zur Fertigstellung eines Bildes 1 Jahr dauern. <br>Der moderne past\u00f6se Farbauftrag, den die Impressionisten vor nunmehr 150 Jahren f\u00fcr sich entdeckten, erm\u00f6glicht aber ein schnelles Ergebnis, das von Dynamik und Strahlkraft zeugt.<\/p>\n\n\n\n<figure class=\"wp-block-gallery has-nested-images columns-default is-cropped wp-block-gallery-1 is-layout-flex wp-block-gallery-is-layout-flex\">\n<figure class=\"wp-block-image size-large\"><img loading=\"lazy\" decoding=\"async\" width=\"768\" height=\"1024\" data-id=\"84\" src=\"https:\/\/helgapollok.de\/wp-content\/uploads\/2024\/01\/IMG_4354-Kopie-768x1024.jpg\" alt=\"\" class=\"wp-image-84\" srcset=\"https:\/\/helgapollok.de\/wp-content\/uploads\/2024\/01\/IMG_4354-Kopie-768x1025.jpg 768w, https:\/\/helgapollok.de\/wp-content\/uploads\/2024\/01\/IMG_4354-Kopie-225x300.jpg 225w, https:\/\/helgapollok.de\/wp-content\/uploads\/2024\/01\/IMG_4354-Kopie-1151x1536.jpg 1151w, https:\/\/helgapollok.de\/wp-content\/uploads\/2024\/01\/IMG_4354-Kopie-1535x2048.jpg 1535w, https:\/\/helgapollok.de\/wp-content\/uploads\/2024\/01\/IMG_4354-Kopie-scaled.jpg 1919w\" sizes=\"(max-width: 768px) 100vw, 768px\" \/><\/figure>\n\n\n\n<figure class=\"wp-block-image size-large\"><img loading=\"lazy\" decoding=\"async\" width=\"868\" height=\"1024\" data-id=\"52\" src=\"https:\/\/helgapollok.de\/wp-content\/uploads\/2024\/01\/IMG_2487-868x1024.jpeg\" alt=\"\" class=\"wp-image-52\" srcset=\"https:\/\/helgapollok.de\/wp-content\/uploads\/2024\/01\/IMG_2487-868x1024.jpeg 868w, https:\/\/helgapollok.de\/wp-content\/uploads\/2024\/01\/IMG_2487-254x300.jpeg 254w, https:\/\/helgapollok.de\/wp-content\/uploads\/2024\/01\/IMG_2487-768x906.jpeg 768w, https:\/\/helgapollok.de\/wp-content\/uploads\/2024\/01\/IMG_2487.jpeg 960w\" sizes=\"(max-width: 868px) 100vw, 868px\" \/><\/figure>\n<\/figure>\n\n\n\n<p>\u00d6l auf Holz und Leinwand<\/p>\n\n\n\n<figure class=\"wp-block-image size-large\"><img loading=\"lazy\" decoding=\"async\" width=\"1024\" height=\"822\" src=\"https:\/\/helgapollok.de\/wp-content\/uploads\/2024\/01\/IMG_7407-1024x822.jpeg\" alt=\"\" class=\"wp-image-81\" srcset=\"https:\/\/helgapollok.de\/wp-content\/uploads\/2024\/01\/IMG_7407-1024x822.jpeg 1024w, https:\/\/helgapollok.de\/wp-content\/uploads\/2024\/01\/IMG_7407-300x241.jpeg 300w, https:\/\/helgapollok.de\/wp-content\/uploads\/2024\/01\/IMG_7407-768x616.jpeg 768w, https:\/\/helgapollok.de\/wp-content\/uploads\/2024\/01\/IMG_7407-1536x1232.jpeg 1536w, https:\/\/helgapollok.de\/wp-content\/uploads\/2024\/01\/IMG_7407-2048x1643.jpeg 2048w\" sizes=\"(max-width: 1024px) 100vw, 1024px\" \/><\/figure>\n\n\n\n<p>\u00d6l auf Leinwand<\/p>\n\n\n\n<figure class=\"wp-block-gallery has-nested-images columns-default is-cropped wp-block-gallery-2 is-layout-flex wp-block-gallery-is-layout-flex\">\n<figure class=\"wp-block-image size-large\"><img loading=\"lazy\" decoding=\"async\" width=\"822\" height=\"1024\" data-id=\"82\" src=\"https:\/\/helgapollok.de\/wp-content\/uploads\/2024\/01\/IMG_7408-822x1024.jpeg\" alt=\"\" class=\"wp-image-82\" srcset=\"https:\/\/helgapollok.de\/wp-content\/uploads\/2024\/01\/IMG_7408-822x1024.jpeg 822w, https:\/\/helgapollok.de\/wp-content\/uploads\/2024\/01\/IMG_7408-241x300.jpeg 241w, https:\/\/helgapollok.de\/wp-content\/uploads\/2024\/01\/IMG_7408-768x957.jpeg 768w, https:\/\/helgapollok.de\/wp-content\/uploads\/2024\/01\/IMG_7408-1233x1536.jpeg 1233w, https:\/\/helgapollok.de\/wp-content\/uploads\/2024\/01\/IMG_7408-1644x2048.jpeg 1644w\" sizes=\"(max-width: 822px) 100vw, 822px\" \/><\/figure>\n\n\n\n<figure class=\"wp-block-image size-large\"><img loading=\"lazy\" decoding=\"async\" width=\"1024\" height=\"1013\" data-id=\"83\" src=\"https:\/\/helgapollok.de\/wp-content\/uploads\/2024\/01\/DSC7524-Kopie-1024x1013.jpg\" alt=\"\" class=\"wp-image-83\" srcset=\"https:\/\/helgapollok.de\/wp-content\/uploads\/2024\/01\/DSC7524-Kopie-1024x1013.jpg 1024w, https:\/\/helgapollok.de\/wp-content\/uploads\/2024\/01\/DSC7524-Kopie-300x297.jpg 300w, https:\/\/helgapollok.de\/wp-content\/uploads\/2024\/01\/DSC7524-Kopie-768x760.jpg 768w, https:\/\/helgapollok.de\/wp-content\/uploads\/2024\/01\/DSC7524-Kopie-1536x1519.jpg 1536w, https:\/\/helgapollok.de\/wp-content\/uploads\/2024\/01\/DSC7524-Kopie-2048x2025.jpg 2048w\" sizes=\"(max-width: 1024px) 100vw, 1024px\" \/><figcaption class=\"wp-element-caption\">Privatbesitz<\/figcaption><\/figure>\n<\/figure>\n\n\n\n<p>\u00d6l auf Leinwand<\/p>\n\n\n\n<figure class=\"wp-block-gallery has-nested-images columns-default is-cropped wp-block-gallery-3 is-layout-flex wp-block-gallery-is-layout-flex\">\n<figure class=\"wp-block-image size-large\"><img loading=\"lazy\" decoding=\"async\" width=\"720\" height=\"900\" data-id=\"75\" src=\"https:\/\/helgapollok.de\/wp-content\/uploads\/2024\/01\/Folie5.jpeg\" alt=\"\" class=\"wp-image-75\" srcset=\"https:\/\/helgapollok.de\/wp-content\/uploads\/2024\/01\/Folie5.jpeg 720w, https:\/\/helgapollok.de\/wp-content\/uploads\/2024\/01\/Folie5-240x300.jpeg 240w\" sizes=\"(max-width: 720px) 100vw, 720px\" \/><\/figure>\n\n\n\n<figure class=\"wp-block-image size-large\"><img loading=\"lazy\" decoding=\"async\" width=\"720\" height=\"900\" data-id=\"74\" src=\"https:\/\/helgapollok.de\/wp-content\/uploads\/2024\/01\/Folie7.jpeg\" alt=\"\" class=\"wp-image-74\" srcset=\"https:\/\/helgapollok.de\/wp-content\/uploads\/2024\/01\/Folie7.jpeg 720w, https:\/\/helgapollok.de\/wp-content\/uploads\/2024\/01\/Folie7-240x300.jpeg 240w\" sizes=\"(max-width: 720px) 100vw, 720px\" \/><figcaption class=\"wp-element-caption\">Privatbesitz<\/figcaption><\/figure>\n\n\n\n<figure class=\"wp-block-image size-large\"><img loading=\"lazy\" decoding=\"async\" width=\"720\" height=\"900\" data-id=\"73\" src=\"https:\/\/helgapollok.de\/wp-content\/uploads\/2024\/01\/Folie8.jpeg\" alt=\"\" class=\"wp-image-73\" srcset=\"https:\/\/helgapollok.de\/wp-content\/uploads\/2024\/01\/Folie8.jpeg 720w, https:\/\/helgapollok.de\/wp-content\/uploads\/2024\/01\/Folie8-240x300.jpeg 240w\" sizes=\"(max-width: 720px) 100vw, 720px\" \/><figcaption class=\"wp-element-caption\">Privatbesitz<\/figcaption><\/figure>\n<\/figure>\n\n\n\n<p>\u00d6l auf Stahlplatte, teilweise geschliffen<\/p>\n\n\n\n<figure class=\"wp-block-gallery has-nested-images columns-default is-cropped wp-block-gallery-4 is-layout-flex wp-block-gallery-is-layout-flex\">\n<figure class=\"wp-block-image size-large\"><img loading=\"lazy\" decoding=\"async\" width=\"731\" height=\"1024\" data-id=\"77\" src=\"https:\/\/helgapollok.de\/wp-content\/uploads\/2024\/01\/IMG_2567-2-731x1024.jpeg\" alt=\"\" class=\"wp-image-77\" srcset=\"https:\/\/helgapollok.de\/wp-content\/uploads\/2024\/01\/IMG_2567-2-731x1024.jpeg 731w, https:\/\/helgapollok.de\/wp-content\/uploads\/2024\/01\/IMG_2567-2-214x300.jpeg 214w, https:\/\/helgapollok.de\/wp-content\/uploads\/2024\/01\/IMG_2567-2-768x1076.jpeg 768w, https:\/\/helgapollok.de\/wp-content\/uploads\/2024\/01\/IMG_2567-2-1096x1536.jpeg 1096w, https:\/\/helgapollok.de\/wp-content\/uploads\/2024\/01\/IMG_2567-2-1461x2048.jpeg 1461w, https:\/\/helgapollok.de\/wp-content\/uploads\/2024\/01\/IMG_2567-2-scaled.jpeg 1826w\" sizes=\"(max-width: 731px) 100vw, 731px\" \/><\/figure>\n\n\n\n<figure class=\"wp-block-image size-large\"><img loading=\"lazy\" decoding=\"async\" width=\"283\" height=\"453\" data-id=\"76\" src=\"https:\/\/helgapollok.de\/wp-content\/uploads\/2024\/01\/Pekingopneu.jpeg\" alt=\"\" class=\"wp-image-76\" srcset=\"https:\/\/helgapollok.de\/wp-content\/uploads\/2024\/01\/Pekingopneu.jpeg 283w, https:\/\/helgapollok.de\/wp-content\/uploads\/2024\/01\/Pekingopneu-187x300.jpeg 187w\" sizes=\"(max-width: 283px) 100vw, 283px\" \/><figcaption class=\"wp-element-caption\">Privatbesitz<\/figcaption><\/figure>\n\n\n\n<figure class=\"wp-block-image size-large\"><img loading=\"lazy\" decoding=\"async\" width=\"866\" height=\"1024\" data-id=\"88\" src=\"https:\/\/helgapollok.de\/wp-content\/uploads\/2024\/01\/IMG_3474-2-866x1024.jpeg\" alt=\"\" class=\"wp-image-88\" srcset=\"https:\/\/helgapollok.de\/wp-content\/uploads\/2024\/01\/IMG_3474-2-866x1024.jpeg 866w, https:\/\/helgapollok.de\/wp-content\/uploads\/2024\/01\/IMG_3474-2-254x300.jpeg 254w, https:\/\/helgapollok.de\/wp-content\/uploads\/2024\/01\/IMG_3474-2-768x908.jpeg 768w, https:\/\/helgapollok.de\/wp-content\/uploads\/2024\/01\/IMG_3474-2-1299x1536.jpeg 1299w, https:\/\/helgapollok.de\/wp-content\/uploads\/2024\/01\/IMG_3474-2-1732x2048.jpeg 1732w\" sizes=\"(max-width: 866px) 100vw, 866px\" \/><\/figure>\n<\/figure>\n\n\n\n<p>\u00d6l auf Leinwand<\/p>\n\n\n\n<figure class=\"wp-block-gallery has-nested-images columns-default is-cropped wp-block-gallery-5 is-layout-flex wp-block-gallery-is-layout-flex\">\n<figure class=\"wp-block-image size-large\"><img loading=\"lazy\" decoding=\"async\" width=\"856\" height=\"1024\" data-id=\"192\" src=\"https:\/\/helgapollok.de\/wp-content\/uploads\/2024\/01\/DSC08871kal-856x1024.jpeg\" alt=\"\" class=\"wp-image-192\" srcset=\"https:\/\/helgapollok.de\/wp-content\/uploads\/2024\/01\/DSC08871kal-856x1024.jpeg 856w, https:\/\/helgapollok.de\/wp-content\/uploads\/2024\/01\/DSC08871kal-251x300.jpeg 251w, https:\/\/helgapollok.de\/wp-content\/uploads\/2024\/01\/DSC08871kal-768x919.jpeg 768w, https:\/\/helgapollok.de\/wp-content\/uploads\/2024\/01\/DSC08871kal-1283x1536.jpeg 1283w, https:\/\/helgapollok.de\/wp-content\/uploads\/2024\/01\/DSC08871kal-1711x2048.jpeg 1711w\" sizes=\"(max-width: 856px) 100vw, 856px\" \/><\/figure>\n\n\n\n<figure class=\"wp-block-image size-large\"><img loading=\"lazy\" decoding=\"async\" width=\"1024\" height=\"849\" data-id=\"193\" src=\"https:\/\/helgapollok.de\/wp-content\/uploads\/2024\/01\/DSC03890-1024x849.jpeg\" alt=\"\" class=\"wp-image-193\" srcset=\"https:\/\/helgapollok.de\/wp-content\/uploads\/2024\/01\/DSC03890-1024x849.jpeg 1024w, https:\/\/helgapollok.de\/wp-content\/uploads\/2024\/01\/DSC03890-300x249.jpeg 300w, https:\/\/helgapollok.de\/wp-content\/uploads\/2024\/01\/DSC03890-768x636.jpeg 768w, https:\/\/helgapollok.de\/wp-content\/uploads\/2024\/01\/DSC03890-1536x1273.jpeg 1536w, https:\/\/helgapollok.de\/wp-content\/uploads\/2024\/01\/DSC03890-2048x1697.jpeg 2048w\" sizes=\"(max-width: 1024px) 100vw, 1024px\" \/><\/figure>\n\n\n\n<figure class=\"wp-block-image size-large\"><img loading=\"lazy\" decoding=\"async\" width=\"425\" height=\"531\" data-id=\"191\" src=\"https:\/\/helgapollok.de\/wp-content\/uploads\/2024\/01\/handy-007.jpeg\" alt=\"\" class=\"wp-image-191\" srcset=\"https:\/\/helgapollok.de\/wp-content\/uploads\/2024\/01\/handy-007.jpeg 425w, https:\/\/helgapollok.de\/wp-content\/uploads\/2024\/01\/handy-007-240x300.jpeg 240w\" sizes=\"(max-width: 425px) 100vw, 425px\" \/><\/figure>\n\n\n\n<figure class=\"wp-block-image size-large\"><img loading=\"lazy\" decoding=\"async\" width=\"700\" height=\"703\" data-id=\"194\" src=\"https:\/\/helgapollok.de\/wp-content\/uploads\/2024\/01\/DSC08864kal.jpeg\" alt=\"\" class=\"wp-image-194\" srcset=\"https:\/\/helgapollok.de\/wp-content\/uploads\/2024\/01\/DSC08864kal.jpeg 700w, https:\/\/helgapollok.de\/wp-content\/uploads\/2024\/01\/DSC08864kal-300x300.jpeg 300w, https:\/\/helgapollok.de\/wp-content\/uploads\/2024\/01\/DSC08864kal-150x150.jpeg 150w\" sizes=\"(max-width: 700px) 100vw, 700px\" \/><\/figure>\n<\/figure>\n","protected":false},"excerpt":{"rendered":"<p>Mit der \u00d6lmalerei wurde ich als Jugendliche durch meinen Gro\u00dfvater vertraut gemacht. Sp\u00e4ter im Studium betrat ich den Olymp dieser Malkunst &#8211; ich durfte die altfl\u00e4mische Lasurtechnik in den Niederlanden erlernen. Mit feinsten \u00d6lfarben wird jeweils in d\u00fcnnen Schichten die Farbe mit den besten Pinseln&nbsp;&hellip;<\/p>\n","protected":false},"author":1,"featured_media":0,"parent":0,"menu_order":0,"comment_status":"closed","ping_status":"closed","template":"","meta":{"footnotes":""},"yoast_head":"<!-- This site is optimized with the Yoast SEO plugin v23.5 - https:\/\/yoast.com\/wordpress\/plugins\/seo\/ -->\n<title>\u00d6lmalerei - Atelier Helga Pollok<\/title>\n<meta name=\"robots\" content=\"index, follow, max-snippet:-1, max-image-preview:large, max-video-preview:-1\" \/>\n<link rel=\"canonical\" href=\"https:\/\/helgapollok.de\/?page_id=72\" \/>\n<meta property=\"og:locale\" content=\"de_DE\" \/>\n<meta property=\"og:type\" content=\"article\" \/>\n<meta property=\"og:title\" content=\"\u00d6lmalerei - Atelier Helga Pollok\" \/>\n<meta property=\"og:description\" content=\"Mit der \u00d6lmalerei wurde ich als Jugendliche durch meinen Gro\u00dfvater vertraut gemacht. Sp\u00e4ter im Studium betrat ich den Olymp dieser Malkunst &#8211; ich durfte die altfl\u00e4mische Lasurtechnik in den Niederlanden erlernen. Mit feinsten \u00d6lfarben wird jeweils in d\u00fcnnen Schichten die Farbe mit den besten Pinseln&nbsp;&hellip;\" \/>\n<meta property=\"og:url\" content=\"https:\/\/helgapollok.de\/?page_id=72\" \/>\n<meta property=\"og:site_name\" content=\"Atelier Helga Pollok\" \/>\n<meta property=\"article:modified_time\" content=\"2024-01-26T13:23:05+00:00\" \/>\n<meta property=\"og:image\" content=\"https:\/\/helgapollok.de\/wp-content\/uploads\/2024\/01\/IMG_4354-Kopie-768x1024.jpg\" \/>\n<meta name=\"twitter:card\" content=\"summary_large_image\" \/>\n<meta name=\"twitter:label1\" content=\"Gesch\u00e4tzte Lesezeit\" \/>\n\t<meta name=\"twitter:data1\" content=\"1 Minute\" \/>\n<script type=\"application\/ld+json\" class=\"yoast-schema-graph\">{\"@context\":\"https:\/\/schema.org\",\"@graph\":[{\"@type\":\"WebPage\",\"@id\":\"https:\/\/helgapollok.de\/?page_id=72\",\"url\":\"https:\/\/helgapollok.de\/?page_id=72\",\"name\":\"\u00d6lmalerei - Atelier Helga Pollok\",\"isPartOf\":{\"@id\":\"https:\/\/helgapollok.de\/#website\"},\"primaryImageOfPage\":{\"@id\":\"https:\/\/helgapollok.de\/?page_id=72#primaryimage\"},\"image\":{\"@id\":\"https:\/\/helgapollok.de\/?page_id=72#primaryimage\"},\"thumbnailUrl\":\"https:\/\/helgapollok.de\/wp-content\/uploads\/2024\/01\/IMG_4354-Kopie-768x1024.jpg\",\"datePublished\":\"2024-01-24T19:35:20+00:00\",\"dateModified\":\"2024-01-26T13:23:05+00:00\",\"breadcrumb\":{\"@id\":\"https:\/\/helgapollok.de\/?page_id=72#breadcrumb\"},\"inLanguage\":\"de-DE\",\"potentialAction\":[{\"@type\":\"ReadAction\",\"target\":[\"https:\/\/helgapollok.de\/?page_id=72\"]}]},{\"@type\":\"ImageObject\",\"inLanguage\":\"de-DE\",\"@id\":\"https:\/\/helgapollok.de\/?page_id=72#primaryimage\",\"url\":\"https:\/\/helgapollok.de\/wp-content\/uploads\/2024\/01\/IMG_4354-Kopie-scaled.jpg\",\"contentUrl\":\"https:\/\/helgapollok.de\/wp-content\/uploads\/2024\/01\/IMG_4354-Kopie-scaled.jpg\",\"width\":1919,\"height\":2560},{\"@type\":\"BreadcrumbList\",\"@id\":\"https:\/\/helgapollok.de\/?page_id=72#breadcrumb\",\"itemListElement\":[{\"@type\":\"ListItem\",\"position\":1,\"name\":\"Startseite\",\"item\":\"https:\/\/helgapollok.de\/\"},{\"@type\":\"ListItem\",\"position\":2,\"name\":\"\u00d6lmalerei\"}]},{\"@type\":\"WebSite\",\"@id\":\"https:\/\/helgapollok.de\/#website\",\"url\":\"https:\/\/helgapollok.de\/\",\"name\":\"Atelier Helga Pollok\",\"description\":\"\",\"potentialAction\":[{\"@type\":\"SearchAction\",\"target\":{\"@type\":\"EntryPoint\",\"urlTemplate\":\"https:\/\/helgapollok.de\/?s={search_term_string}\"},\"query-input\":{\"@type\":\"PropertyValueSpecification\",\"valueRequired\":true,\"valueName\":\"search_term_string\"}}],\"inLanguage\":\"de-DE\"}]}<\/script>\n<!-- \/ Yoast SEO plugin. -->","yoast_head_json":{"title":"\u00d6lmalerei - Atelier Helga Pollok","robots":{"index":"index","follow":"follow","max-snippet":"max-snippet:-1","max-image-preview":"max-image-preview:large","max-video-preview":"max-video-preview:-1"},"canonical":"https:\/\/helgapollok.de\/?page_id=72","og_locale":"de_DE","og_type":"article","og_title":"\u00d6lmalerei - Atelier Helga Pollok","og_description":"Mit der \u00d6lmalerei wurde ich als Jugendliche durch meinen Gro\u00dfvater vertraut gemacht. Sp\u00e4ter im Studium betrat ich den Olymp dieser Malkunst &#8211; ich durfte die altfl\u00e4mische Lasurtechnik in den Niederlanden erlernen. Mit feinsten \u00d6lfarben wird jeweils in d\u00fcnnen Schichten die Farbe mit den besten Pinseln&nbsp;&hellip;","og_url":"https:\/\/helgapollok.de\/?page_id=72","og_site_name":"Atelier Helga Pollok","article_modified_time":"2024-01-26T13:23:05+00:00","og_image":[{"url":"https:\/\/helgapollok.de\/wp-content\/uploads\/2024\/01\/IMG_4354-Kopie-768x1024.jpg"}],"twitter_card":"summary_large_image","twitter_misc":{"Gesch\u00e4tzte Lesezeit":"1 Minute"},"schema":{"@context":"https:\/\/schema.org","@graph":[{"@type":"WebPage","@id":"https:\/\/helgapollok.de\/?page_id=72","url":"https:\/\/helgapollok.de\/?page_id=72","name":"\u00d6lmalerei - Atelier Helga Pollok","isPartOf":{"@id":"https:\/\/helgapollok.de\/#website"},"primaryImageOfPage":{"@id":"https:\/\/helgapollok.de\/?page_id=72#primaryimage"},"image":{"@id":"https:\/\/helgapollok.de\/?page_id=72#primaryimage"},"thumbnailUrl":"https:\/\/helgapollok.de\/wp-content\/uploads\/2024\/01\/IMG_4354-Kopie-768x1024.jpg","datePublished":"2024-01-24T19:35:20+00:00","dateModified":"2024-01-26T13:23:05+00:00","breadcrumb":{"@id":"https:\/\/helgapollok.de\/?page_id=72#breadcrumb"},"inLanguage":"de-DE","potentialAction":[{"@type":"ReadAction","target":["https:\/\/helgapollok.de\/?page_id=72"]}]},{"@type":"ImageObject","inLanguage":"de-DE","@id":"https:\/\/helgapollok.de\/?page_id=72#primaryimage","url":"https:\/\/helgapollok.de\/wp-content\/uploads\/2024\/01\/IMG_4354-Kopie-scaled.jpg","contentUrl":"https:\/\/helgapollok.de\/wp-content\/uploads\/2024\/01\/IMG_4354-Kopie-scaled.jpg","width":1919,"height":2560},{"@type":"BreadcrumbList","@id":"https:\/\/helgapollok.de\/?page_id=72#breadcrumb","itemListElement":[{"@type":"ListItem","position":1,"name":"Startseite","item":"https:\/\/helgapollok.de\/"},{"@type":"ListItem","position":2,"name":"\u00d6lmalerei"}]},{"@type":"WebSite","@id":"https:\/\/helgapollok.de\/#website","url":"https:\/\/helgapollok.de\/","name":"Atelier Helga Pollok","description":"","potentialAction":[{"@type":"SearchAction","target":{"@type":"EntryPoint","urlTemplate":"https:\/\/helgapollok.de\/?s={search_term_string}"},"query-input":{"@type":"PropertyValueSpecification","valueRequired":true,"valueName":"search_term_string"}}],"inLanguage":"de-DE"}]}},"_links":{"self":[{"href":"https:\/\/helgapollok.de\/index.php?rest_route=\/wp\/v2\/pages\/72"}],"collection":[{"href":"https:\/\/helgapollok.de\/index.php?rest_route=\/wp\/v2\/pages"}],"about":[{"href":"https:\/\/helgapollok.de\/index.php?rest_route=\/wp\/v2\/types\/page"}],"author":[{"embeddable":true,"href":"https:\/\/helgapollok.de\/index.php?rest_route=\/wp\/v2\/users\/1"}],"replies":[{"embeddable":true,"href":"https:\/\/helgapollok.de\/index.php?rest_route=%2Fwp%2Fv2%2Fcomments&post=72"}],"version-history":[{"count":6,"href":"https:\/\/helgapollok.de\/index.php?rest_route=\/wp\/v2\/pages\/72\/revisions"}],"predecessor-version":[{"id":196,"href":"https:\/\/helgapollok.de\/index.php?rest_route=\/wp\/v2\/pages\/72\/revisions\/196"}],"wp:attachment":[{"href":"https:\/\/helgapollok.de\/index.php?rest_route=%2Fwp%2Fv2%2Fmedia&parent=72"}],"curies":[{"name":"wp","href":"https:\/\/api.w.org\/{rel}","templated":true}]}}