{"id":94,"date":"2024-01-24T21:52:06","date_gmt":"2024-01-24T21:52:06","guid":{"rendered":"https:\/\/helgapollok.de\/?page_id=94"},"modified":"2025-11-04T18:05:23","modified_gmt":"2025-11-04T18:05:23","slug":"about","status":"publish","type":"page","link":"https:\/\/helgapollok.de\/?page_id=94","title":{"rendered":"about"},"content":{"rendered":"\n<p class=\"has-small-font-size\">Ausbildung <br>Tech. Industriedesignerin, D\u00fcsseldorf <br>Studium freie Malerei, D\u00fcsseldorf und Maastricht<br>Studienteilnahme Keramikdesign, D\u00fcsseldorf <br>Studienteilnahme Glasdesign, Stuttgart<br>Studienteilnahme Druckgraphik, K\u00f6ln<br>Produktschulungen bei Royal Talens, Apeldorn NL<\/p>\n\n\n\n<p class=\"has-small-font-size\">Fremdsprachen<br>Englisch, Franz\u00f6sisch, Niederl\u00e4ndisch<br><br>Mitglied der KSK<\/p>\n\n\n\n<p class=\"has-small-font-size\">2021 Stipendium des Ministeriums f\u00fcr Kultur und Wissenschaft des Landes Nordrhein-Westfalen<\/p>\n\n\n\n<p class=\"has-small-font-size\">2004 \u2013 2021 Vorsitzende und Gr\u00fcnderin K\u00fcnstlervereinigung Motus 4 e.V. (2021 Vereinsaufl\u00f6sung)<br>2021 \u2013 Mitbegr\u00fcnderin und k\u00fcnstlerische Leitung Werkgruppe Posthorn e.V. Langenfeld<\/p>\n\n\n\n<p class=\"has-small-font-size\">Publikationen<br>2000 \u2013 Und dazwischen bl\u00fcht es doch, Text Brigitte Keems \u2013 Illustration, Design  Helga Pollok<br>2004 \u2013 Kunstratgeber \u00d6lmalerei, Englischverlag, ISBN-10: 3-8241-12566, ISBN-13: 978-3824112562<br>2019 \u2013 Michis Liederbuch, Design und Gestaltung Paula Aldea und Helga Pollok<\/p>\n\n\n\n<p><br><\/p>\n\n\n\n<p><\/p>\n","protected":false},"excerpt":{"rendered":"<p>Ausbildung Tech. Industriedesignerin, D\u00fcsseldorf Studium freie Malerei, D\u00fcsseldorf und MaastrichtStudienteilnahme Keramikdesign, D\u00fcsseldorf Studienteilnahme Glasdesign, StuttgartStudienteilnahme Druckgraphik, K\u00f6lnProduktschulungen bei Royal Talens, Apeldorn NL FremdsprachenEnglisch, Franz\u00f6sisch, Niederl\u00e4ndisch Mitglied der KSK 2021 Stipendium des Ministeriums f\u00fcr Kultur und Wissenschaft des Landes Nordrhein-Westfalen 2004 \u2013 2021 Vorsitzende und Gr\u00fcnderin&nbsp;&hellip;<\/p>\n","protected":false},"author":1,"featured_media":0,"parent":0,"menu_order":0,"comment_status":"closed","ping_status":"closed","template":"","meta":{"footnotes":""},"yoast_head":"<!-- This site is optimized with the Yoast SEO plugin v23.5 - https:\/\/yoast.com\/wordpress\/plugins\/seo\/ -->\n<title>about - Atelier Helga Pollok<\/title>\n<meta name=\"robots\" content=\"index, follow, max-snippet:-1, max-image-preview:large, max-video-preview:-1\" \/>\n<link rel=\"canonical\" href=\"https:\/\/helgapollok.de\/?page_id=94\" \/>\n<meta property=\"og:locale\" content=\"de_DE\" \/>\n<meta property=\"og:type\" content=\"article\" \/>\n<meta property=\"og:title\" content=\"about - Atelier Helga Pollok\" \/>\n<meta property=\"og:description\" content=\"Ausbildung Tech. Industriedesignerin, D\u00fcsseldorf Studium freie Malerei, D\u00fcsseldorf und MaastrichtStudienteilnahme Keramikdesign, D\u00fcsseldorf Studienteilnahme Glasdesign, StuttgartStudienteilnahme Druckgraphik, K\u00f6lnProduktschulungen bei Royal Talens, Apeldorn NL FremdsprachenEnglisch, Franz\u00f6sisch, Niederl\u00e4ndisch Mitglied der KSK 2021 Stipendium des Ministeriums f\u00fcr Kultur und Wissenschaft des Landes Nordrhein-Westfalen 2004 \u2013 2021 Vorsitzende und Gr\u00fcnderin&nbsp;&hellip;\" \/>\n<meta property=\"og:url\" content=\"https:\/\/helgapollok.de\/?page_id=94\" \/>\n<meta property=\"og:site_name\" content=\"Atelier Helga Pollok\" \/>\n<meta property=\"article:modified_time\" content=\"2025-11-04T18:05:23+00:00\" \/>\n<meta name=\"twitter:card\" content=\"summary_large_image\" \/>\n<meta name=\"twitter:label1\" content=\"Gesch\u00e4tzte Lesezeit\" \/>\n\t<meta name=\"twitter:data1\" content=\"1 Minute\" \/>\n<script type=\"application\/ld+json\" class=\"yoast-schema-graph\">{\"@context\":\"https:\/\/schema.org\",\"@graph\":[{\"@type\":\"WebPage\",\"@id\":\"https:\/\/helgapollok.de\/?page_id=94\",\"url\":\"https:\/\/helgapollok.de\/?page_id=94\",\"name\":\"about - Atelier Helga Pollok\",\"isPartOf\":{\"@id\":\"https:\/\/helgapollok.de\/#website\"},\"datePublished\":\"2024-01-24T21:52:06+00:00\",\"dateModified\":\"2025-11-04T18:05:23+00:00\",\"breadcrumb\":{\"@id\":\"https:\/\/helgapollok.de\/?page_id=94#breadcrumb\"},\"inLanguage\":\"de-DE\",\"potentialAction\":[{\"@type\":\"ReadAction\",\"target\":[\"https:\/\/helgapollok.de\/?page_id=94\"]}]},{\"@type\":\"BreadcrumbList\",\"@id\":\"https:\/\/helgapollok.de\/?page_id=94#breadcrumb\",\"itemListElement\":[{\"@type\":\"ListItem\",\"position\":1,\"name\":\"Startseite\",\"item\":\"https:\/\/helgapollok.de\/\"},{\"@type\":\"ListItem\",\"position\":2,\"name\":\"about\"}]},{\"@type\":\"WebSite\",\"@id\":\"https:\/\/helgapollok.de\/#website\",\"url\":\"https:\/\/helgapollok.de\/\",\"name\":\"Atelier Helga Pollok\",\"description\":\"\",\"potentialAction\":[{\"@type\":\"SearchAction\",\"target\":{\"@type\":\"EntryPoint\",\"urlTemplate\":\"https:\/\/helgapollok.de\/?s={search_term_string}\"},\"query-input\":{\"@type\":\"PropertyValueSpecification\",\"valueRequired\":true,\"valueName\":\"search_term_string\"}}],\"inLanguage\":\"de-DE\"}]}<\/script>\n<!-- \/ Yoast SEO plugin. -->","yoast_head_json":{"title":"about - Atelier Helga Pollok","robots":{"index":"index","follow":"follow","max-snippet":"max-snippet:-1","max-image-preview":"max-image-preview:large","max-video-preview":"max-video-preview:-1"},"canonical":"https:\/\/helgapollok.de\/?page_id=94","og_locale":"de_DE","og_type":"article","og_title":"about - Atelier Helga Pollok","og_description":"Ausbildung Tech. Industriedesignerin, D\u00fcsseldorf Studium freie Malerei, D\u00fcsseldorf und MaastrichtStudienteilnahme Keramikdesign, D\u00fcsseldorf Studienteilnahme Glasdesign, StuttgartStudienteilnahme Druckgraphik, K\u00f6lnProduktschulungen bei Royal Talens, Apeldorn NL FremdsprachenEnglisch, Franz\u00f6sisch, Niederl\u00e4ndisch Mitglied der KSK 2021 Stipendium des Ministeriums f\u00fcr Kultur und Wissenschaft des Landes Nordrhein-Westfalen 2004 \u2013 2021 Vorsitzende und Gr\u00fcnderin&nbsp;&hellip;","og_url":"https:\/\/helgapollok.de\/?page_id=94","og_site_name":"Atelier Helga Pollok","article_modified_time":"2025-11-04T18:05:23+00:00","twitter_card":"summary_large_image","twitter_misc":{"Gesch\u00e4tzte Lesezeit":"1 Minute"},"schema":{"@context":"https:\/\/schema.org","@graph":[{"@type":"WebPage","@id":"https:\/\/helgapollok.de\/?page_id=94","url":"https:\/\/helgapollok.de\/?page_id=94","name":"about - Atelier Helga Pollok","isPartOf":{"@id":"https:\/\/helgapollok.de\/#website"},"datePublished":"2024-01-24T21:52:06+00:00","dateModified":"2025-11-04T18:05:23+00:00","breadcrumb":{"@id":"https:\/\/helgapollok.de\/?page_id=94#breadcrumb"},"inLanguage":"de-DE","potentialAction":[{"@type":"ReadAction","target":["https:\/\/helgapollok.de\/?page_id=94"]}]},{"@type":"BreadcrumbList","@id":"https:\/\/helgapollok.de\/?page_id=94#breadcrumb","itemListElement":[{"@type":"ListItem","position":1,"name":"Startseite","item":"https:\/\/helgapollok.de\/"},{"@type":"ListItem","position":2,"name":"about"}]},{"@type":"WebSite","@id":"https:\/\/helgapollok.de\/#website","url":"https:\/\/helgapollok.de\/","name":"Atelier Helga Pollok","description":"","potentialAction":[{"@type":"SearchAction","target":{"@type":"EntryPoint","urlTemplate":"https:\/\/helgapollok.de\/?s={search_term_string}"},"query-input":{"@type":"PropertyValueSpecification","valueRequired":true,"valueName":"search_term_string"}}],"inLanguage":"de-DE"}]}},"_links":{"self":[{"href":"https:\/\/helgapollok.de\/index.php?rest_route=\/wp\/v2\/pages\/94"}],"collection":[{"href":"https:\/\/helgapollok.de\/index.php?rest_route=\/wp\/v2\/pages"}],"about":[{"href":"https:\/\/helgapollok.de\/index.php?rest_route=\/wp\/v2\/types\/page"}],"author":[{"embeddable":true,"href":"https:\/\/helgapollok.de\/index.php?rest_route=\/wp\/v2\/users\/1"}],"replies":[{"embeddable":true,"href":"https:\/\/helgapollok.de\/index.php?rest_route=%2Fwp%2Fv2%2Fcomments&post=94"}],"version-history":[{"count":9,"href":"https:\/\/helgapollok.de\/index.php?rest_route=\/wp\/v2\/pages\/94\/revisions"}],"predecessor-version":[{"id":1037,"href":"https:\/\/helgapollok.de\/index.php?rest_route=\/wp\/v2\/pages\/94\/revisions\/1037"}],"wp:attachment":[{"href":"https:\/\/helgapollok.de\/index.php?rest_route=%2Fwp%2Fv2%2Fmedia&parent=94"}],"curies":[{"name":"wp","href":"https:\/\/api.w.org\/{rel}","templated":true}]}}