{"id":97,"date":"2024-01-24T22:09:03","date_gmt":"2024-01-24T22:09:03","guid":{"rendered":"https:\/\/helgapollok.de\/?page_id=97"},"modified":"2025-11-04T18:03:58","modified_gmt":"2025-11-04T18:03:58","slug":"ausstellungen","status":"publish","type":"page","link":"https:\/\/helgapollok.de\/?page_id=97","title":{"rendered":"Ausstellungen"},"content":{"rendered":"\n<figure class=\"wp-block-table is-style-stripes\"><table><tbody><tr><td>2025 <em>\u201cWir & Jetzt\u201d<\/em>, Atelierausstellung Langenfeld, Inklusionsausstellung Werkgruppe <br>Posthorn e.V.<\/td><\/tr><tr><td>2024\u00a0<em>\u201eOffenes Atelier\u201c<\/em>, Atelierausstellung Langenfeld<\/td><\/tr><tr><td>2024\u00a0\u201c<em>Gemeinsam und nicht einsam<\/em>\u201c, LVR\/HPH Langenfeld, Inklusionsausstellung Werkgruppe Posthorn e.V.<\/td><\/tr><tr><td>2023\u00a0<em>\u201eDas Grauen in der Druckgrafik\u201c<\/em>, K\u00f6lner Graphikwerkstatt<\/td><\/tr><tr><td>2022\u00a0<em>\u201eBlindes Vertrauen\u201c,<\/em>\u00a0SK Galerie G\u00fcterhallen Solingen, Inklusionsausstellung Werkgruppe Posthorn e.V.<\/td><\/tr><tr><td>2018\u00a0<em>\u201c0211 !\u201d,<\/em>\u00a0Kinderhospiz Regenbogenland D\u00fcsseldorf (KV Motus4)<\/td><\/tr><tr><td>2017\u00a0<em>Dass ich da stehe und weine<\/em>, Universit\u00e4t Nimwegen, NL<\/td><\/tr><tr><td>2017\u00a0<em>Dass ich da stehe und weine<\/em>, Rathaus Wuppertal<\/td><\/tr><tr><td>2016\u00a0<em>Mit Kopf und Seele<\/em>, Theater Solingen (KV Motus4)<\/td><\/tr><tr><td>2016\u00a0<em>Dass ich da stehe und weine<\/em>, Rathaus Solingen<\/td><\/tr><tr><td>2016\u00a0neanderland\u00a0TATORTE offene Ateliers, Langenfeld<\/td><\/tr><tr><td>2015\u00a0<em>Im Dialog mit Dir<\/em>, Grenzenlos e.V. D\u00fcsseldorf (KV Motus4)<\/td><\/tr><tr><td>2015\u00a0<em>Im Dialog mit Dir<\/em>, AWO Langenfeld\u00a0<\/td><\/tr><tr><td>2014<em>\u00a0Im Dialog mit Dir<\/em>, Lindner Hotel D\u00fcsseldorf (KV Motus4)<\/td><\/tr><tr><td>2013\u00a0<em>InnenR\u00e4ume : ZwischenR\u00e4ume : FreiR\u00e4ume<\/em>, Amtsgericht Langenfeld (KV Motus4)<\/td><\/tr><tr><td>2013\u00a0<em>Unser Freund Gerd<\/em>, mit Ela Schneider und Gerd Jaklic, Amtsgericht Langenfeld<\/td><\/tr><tr><td>2011\u00a0<em>Zeitenwandel<\/em>, Amtsgericht Langenfeld (KV Motus4)<\/td><\/tr><tr><td>2010\u00a0<em>Herbstgefl\u00fcster<\/em>, Lindner\u00a0Congress\u00a0Hotel D\u00fcsseldorf (KV Motus4)<\/td><\/tr><tr><td>2009\u00a0<em>Glanzlichter<\/em>, SkF\u00a0Langenfeld (KV Motus4)<\/td><\/tr><tr><td>2008\u00a0<em>(e)Motion \u2013 was kann uns noch bewegen?<\/em>\u00a0Festsaal Rathaus D\u00fcsseldorf-Benrath (KV Motus4)<\/td><\/tr><tr><td>2007<em>\u00a0Asien \u2013 Facetten eines Kontinents<\/em>,\u00a0Radisson-SAS Hotel\u00a0D\u00fcsseldorf (KV Motus4)<\/td><\/tr><tr><td>2006<em>\u00a0Momente des Gl\u00fccks<\/em>,\u00a0Heinrich-Heine-Universit\u00e4t D\u00fcsseldorf\u00a0(KV Motus4)<\/td><\/tr><tr><td>2006\u00a0<em>Gef\u00fchle und Erinnerungen<\/em>, Marienburg\u00a0Monheim<\/td><\/tr><tr><td>2006\u00a0<em>Vier Elemente<\/em>,\u00a0Heinrich-Heine-Universit\u00e4t D\u00fcsseldorf\u00a0(KV Motus4)<\/td><\/tr><tr><td>2006\u00a0<em>Weibsbilder,\u00a0KunZe\u00a0<\/em>Langenfeld\u00a0(KV Motus4)<\/td><\/tr><tr><td>2005\u00a0<em>Con\u00a0todo\u00a0Corazon<\/em>, Galerieausstellung\u00a0Langenfeld\u00a0(KV Motus4)<\/td><\/tr><tr><td>2005\u00a0<em>Vier Elemente<\/em>,\u00a0Festsaal Rathaus D\u00fcsseldorf\u00a0(KV Motus4)<\/td><\/tr><tr><td>2005\u00a0<em>Fr\u00fchlingserwachen<\/em>,\u00a0Pyramide Langenfeld\u00a0(KV Motus4)<\/td><\/tr><tr><td>2004\u00a0<em>Deutschland mitten in Europa<\/em>, Atelierausstellung Langenfeld\u00a0<\/td><\/tr><tr><td>2004\u00a0<em>Jenseits von Afrika<\/em>,\u00a0Atelierausstellung Langenfeld\u00a0<\/td><\/tr><tr><td>2004\u00a0<em>Sommer, Sonne, S\u00fcden<\/em>,\u00a0Atelierausstellung Langenfeld\u00a0<\/td><\/tr><tr><td>2004\u00a0<em>Fr\u00fchling<\/em>,\u00a0Atelierausstellung Langenfeld\u00a0<\/td><\/tr><tr><td>2003\u00a0<em>Fleurs\u00a0pour\u00a0les\u00a0Enfants<\/em>,\u00a0Sorice\u00a0Consulting\u00a0D\u00fcsseldorf<\/td><\/tr><tr><td>2003\u00a0<em>Deutschlandreise,\u00a0<\/em>Kunstmeile\u00a0D\u00fcsseldorf<\/td><\/tr><tr><td>2002\u00a0<em>Erfahrungen<\/em>,\u00a0Er\u00f6ffnungsausstellung\u00a0<em>Atelier\u00a0Bariol\u00e9\u00a0\u00a0<\/em>Langenfeld<\/td><\/tr><tr><td>2001\u00a0<em>Last Rose\u00a0of\u00a0Summer<\/em>,\u00a0Dr. J.\u00a0Wever Langenfeld\u00a0<\/td><\/tr><tr><td>2001\u00a0<em>Collection\u00a0des Moments\u00a0differents<\/em>,\u00a0Kunstraum\u00a0Neu\u00df<\/td><\/tr><tr><td>2001\u00a0<em>Blumenmeer<\/em>,\u00a0Festsaal Rathaus D\u00fcsseldorf<\/td><\/tr><tr><td>2000\u00a0<em>Rundgang<\/em>,\u00a0Akademie D\u00fcsseldorf<\/td><\/tr><tr><td>2000\u00a0<em>Impressionen<\/em>,\u00a0Einrichtungshaus\u00a0Za\u00df Langenfeld<\/td><\/tr><tr><td>1997\u00a0<em>Premiere,\u00a0<\/em>Atelierausstellung Langenfeld<\/td><\/tr><tr><td>1992\u00a0<em>Toscana<\/em>,\u00a0Atelierausstellung D\u00fcsseldorf<\/td><\/tr><tr><td>1988\u00a0<em>Skandinavien,\u00a0<\/em>Atelierausstellung D\u00fcsseldorf<\/td><\/tr><tr><td>1983\u00a0<em>Intuitionen<\/em>,\u00a0Babcock AG Osterode am Harz<\/td><\/tr><tr><td>1979\u00a0<em>Landschaften<\/em>,\u00a0Mannesmann AG D\u00fcsseldorf<\/td><\/tr><\/tbody><\/table><\/figure>\n\n\n\n<p><\/p>\n","protected":false},"excerpt":{"rendered":"<p>2025 \u201cWir &#038; Jetzt\u201d, Atelierausstellung Langenfeld, Inklusionsausstellung Werkgruppe Posthorn e.V. 2024\u00a0\u201eOffenes Atelier\u201c, Atelierausstellung Langenfeld 2024\u00a0\u201cGemeinsam und nicht einsam\u201c, LVR\/HPH Langenfeld, Inklusionsausstellung Werkgruppe Posthorn e.V. 2023\u00a0\u201eDas Grauen in der Druckgrafik\u201c, K\u00f6lner Graphikwerkstatt 2022\u00a0\u201eBlindes Vertrauen\u201c,\u00a0SK Galerie G\u00fcterhallen Solingen, Inklusionsausstellung Werkgruppe Posthorn e.V. 2018\u00a0\u201c0211 !\u201d,\u00a0Kinderhospiz Regenbogenland D\u00fcsseldorf (KV&nbsp;&hellip;<\/p>\n","protected":false},"author":1,"featured_media":0,"parent":0,"menu_order":0,"comment_status":"closed","ping_status":"closed","template":"","meta":{"footnotes":""},"yoast_head":"<!-- This site is optimized with the Yoast SEO plugin v23.5 - https:\/\/yoast.com\/wordpress\/plugins\/seo\/ -->\n<title>Ausstellungen - Atelier Helga Pollok<\/title>\n<meta name=\"robots\" content=\"index, follow, max-snippet:-1, max-image-preview:large, max-video-preview:-1\" \/>\n<link rel=\"canonical\" href=\"https:\/\/helgapollok.de\/?page_id=97\" \/>\n<meta property=\"og:locale\" content=\"de_DE\" \/>\n<meta property=\"og:type\" content=\"article\" \/>\n<meta property=\"og:title\" content=\"Ausstellungen - Atelier Helga Pollok\" \/>\n<meta property=\"og:description\" content=\"2025 \u201cWir &amp; Jetzt\u201d, Atelierausstellung Langenfeld, Inklusionsausstellung Werkgruppe Posthorn e.V. 2024\u00a0\u201eOffenes Atelier\u201c, Atelierausstellung Langenfeld 2024\u00a0\u201cGemeinsam und nicht einsam\u201c, LVR\/HPH Langenfeld, Inklusionsausstellung Werkgruppe Posthorn e.V. 2023\u00a0\u201eDas Grauen in der Druckgrafik\u201c, K\u00f6lner Graphikwerkstatt 2022\u00a0\u201eBlindes Vertrauen\u201c,\u00a0SK Galerie G\u00fcterhallen Solingen, Inklusionsausstellung Werkgruppe Posthorn e.V. 2018\u00a0\u201c0211 !\u201d,\u00a0Kinderhospiz Regenbogenland D\u00fcsseldorf (KV&nbsp;&hellip;\" \/>\n<meta property=\"og:url\" content=\"https:\/\/helgapollok.de\/?page_id=97\" \/>\n<meta property=\"og:site_name\" content=\"Atelier Helga Pollok\" \/>\n<meta property=\"article:modified_time\" content=\"2025-11-04T18:03:58+00:00\" \/>\n<meta name=\"twitter:card\" content=\"summary_large_image\" \/>\n<meta name=\"twitter:label1\" content=\"Gesch\u00e4tzte Lesezeit\" \/>\n\t<meta name=\"twitter:data1\" content=\"2 Minuten\" \/>\n<script type=\"application\/ld+json\" class=\"yoast-schema-graph\">{\"@context\":\"https:\/\/schema.org\",\"@graph\":[{\"@type\":\"WebPage\",\"@id\":\"https:\/\/helgapollok.de\/?page_id=97\",\"url\":\"https:\/\/helgapollok.de\/?page_id=97\",\"name\":\"Ausstellungen - Atelier Helga Pollok\",\"isPartOf\":{\"@id\":\"https:\/\/helgapollok.de\/#website\"},\"datePublished\":\"2024-01-24T22:09:03+00:00\",\"dateModified\":\"2025-11-04T18:03:58+00:00\",\"breadcrumb\":{\"@id\":\"https:\/\/helgapollok.de\/?page_id=97#breadcrumb\"},\"inLanguage\":\"de-DE\",\"potentialAction\":[{\"@type\":\"ReadAction\",\"target\":[\"https:\/\/helgapollok.de\/?page_id=97\"]}]},{\"@type\":\"BreadcrumbList\",\"@id\":\"https:\/\/helgapollok.de\/?page_id=97#breadcrumb\",\"itemListElement\":[{\"@type\":\"ListItem\",\"position\":1,\"name\":\"Startseite\",\"item\":\"https:\/\/helgapollok.de\/\"},{\"@type\":\"ListItem\",\"position\":2,\"name\":\"Ausstellungen\"}]},{\"@type\":\"WebSite\",\"@id\":\"https:\/\/helgapollok.de\/#website\",\"url\":\"https:\/\/helgapollok.de\/\",\"name\":\"Atelier Helga Pollok\",\"description\":\"\",\"potentialAction\":[{\"@type\":\"SearchAction\",\"target\":{\"@type\":\"EntryPoint\",\"urlTemplate\":\"https:\/\/helgapollok.de\/?s={search_term_string}\"},\"query-input\":{\"@type\":\"PropertyValueSpecification\",\"valueRequired\":true,\"valueName\":\"search_term_string\"}}],\"inLanguage\":\"de-DE\"}]}<\/script>\n<!-- \/ Yoast SEO plugin. -->","yoast_head_json":{"title":"Ausstellungen - Atelier Helga Pollok","robots":{"index":"index","follow":"follow","max-snippet":"max-snippet:-1","max-image-preview":"max-image-preview:large","max-video-preview":"max-video-preview:-1"},"canonical":"https:\/\/helgapollok.de\/?page_id=97","og_locale":"de_DE","og_type":"article","og_title":"Ausstellungen - Atelier Helga Pollok","og_description":"2025 \u201cWir & Jetzt\u201d, Atelierausstellung Langenfeld, Inklusionsausstellung Werkgruppe Posthorn e.V. 2024\u00a0\u201eOffenes Atelier\u201c, Atelierausstellung Langenfeld 2024\u00a0\u201cGemeinsam und nicht einsam\u201c, LVR\/HPH Langenfeld, Inklusionsausstellung Werkgruppe Posthorn e.V. 2023\u00a0\u201eDas Grauen in der Druckgrafik\u201c, K\u00f6lner Graphikwerkstatt 2022\u00a0\u201eBlindes Vertrauen\u201c,\u00a0SK Galerie G\u00fcterhallen Solingen, Inklusionsausstellung Werkgruppe Posthorn e.V. 2018\u00a0\u201c0211 !\u201d,\u00a0Kinderhospiz Regenbogenland D\u00fcsseldorf (KV&nbsp;&hellip;","og_url":"https:\/\/helgapollok.de\/?page_id=97","og_site_name":"Atelier Helga Pollok","article_modified_time":"2025-11-04T18:03:58+00:00","twitter_card":"summary_large_image","twitter_misc":{"Gesch\u00e4tzte Lesezeit":"2 Minuten"},"schema":{"@context":"https:\/\/schema.org","@graph":[{"@type":"WebPage","@id":"https:\/\/helgapollok.de\/?page_id=97","url":"https:\/\/helgapollok.de\/?page_id=97","name":"Ausstellungen - Atelier Helga Pollok","isPartOf":{"@id":"https:\/\/helgapollok.de\/#website"},"datePublished":"2024-01-24T22:09:03+00:00","dateModified":"2025-11-04T18:03:58+00:00","breadcrumb":{"@id":"https:\/\/helgapollok.de\/?page_id=97#breadcrumb"},"inLanguage":"de-DE","potentialAction":[{"@type":"ReadAction","target":["https:\/\/helgapollok.de\/?page_id=97"]}]},{"@type":"BreadcrumbList","@id":"https:\/\/helgapollok.de\/?page_id=97#breadcrumb","itemListElement":[{"@type":"ListItem","position":1,"name":"Startseite","item":"https:\/\/helgapollok.de\/"},{"@type":"ListItem","position":2,"name":"Ausstellungen"}]},{"@type":"WebSite","@id":"https:\/\/helgapollok.de\/#website","url":"https:\/\/helgapollok.de\/","name":"Atelier Helga Pollok","description":"","potentialAction":[{"@type":"SearchAction","target":{"@type":"EntryPoint","urlTemplate":"https:\/\/helgapollok.de\/?s={search_term_string}"},"query-input":{"@type":"PropertyValueSpecification","valueRequired":true,"valueName":"search_term_string"}}],"inLanguage":"de-DE"}]}},"_links":{"self":[{"href":"https:\/\/helgapollok.de\/index.php?rest_route=\/wp\/v2\/pages\/97"}],"collection":[{"href":"https:\/\/helgapollok.de\/index.php?rest_route=\/wp\/v2\/pages"}],"about":[{"href":"https:\/\/helgapollok.de\/index.php?rest_route=\/wp\/v2\/types\/page"}],"author":[{"embeddable":true,"href":"https:\/\/helgapollok.de\/index.php?rest_route=\/wp\/v2\/users\/1"}],"replies":[{"embeddable":true,"href":"https:\/\/helgapollok.de\/index.php?rest_route=%2Fwp%2Fv2%2Fcomments&post=97"}],"version-history":[{"count":4,"href":"https:\/\/helgapollok.de\/index.php?rest_route=\/wp\/v2\/pages\/97\/revisions"}],"predecessor-version":[{"id":1036,"href":"https:\/\/helgapollok.de\/index.php?rest_route=\/wp\/v2\/pages\/97\/revisions\/1036"}],"wp:attachment":[{"href":"https:\/\/helgapollok.de\/index.php?rest_route=%2Fwp%2Fv2%2Fmedia&parent=97"}],"curies":[{"name":"wp","href":"https:\/\/api.w.org\/{rel}","templated":true}]}}